{"id":665,"date":"2026-04-12T15:43:16","date_gmt":"2026-04-12T15:43:16","guid":{"rendered":"https:\/\/silk-pajamas.com\/16-momme-charmeuse-silk-sleepshirt-piped-leopard\/"},"modified":"2026-05-08T09:57:48","modified_gmt":"2026-05-08T09:57:48","slug":"16-momme-charmeuse-silk-sleepshirt-piped-leopard","status":"publish","type":"product","link":"https:\/\/silk-pajamas.com\/pt\/16-momme-charmeuse-silk-sleepshirt-piped-leopard\/","title":{"rendered":"16 Camisola de seda Momme Charmeuse com canelado Leopardo"},"content":{"rendered":"<p>Esta camisa de dormir com bot\u00f5es \u00e9 confeccionada em seda 16 momme charmeuse num tom de leopardo. Apresenta um debrum, um toque suave e um drapeado confort\u00e1vel para homem e mulher. O estilo \u00e9 compat\u00edvel com os tamanhos XL, XXL, 3XL, 4XL e funciona bem para todas as esta\u00e7\u00f5es, para presentear e para o conforto di\u00e1rio. Lavar \u00e0 m\u00e3o a frio ou utilizar um ciclo suave.<\/p>","protected":false},"excerpt":{"rendered":"<p>16 Camisa de dormir com bot\u00f5es em seda Momme Charmeuse em Leopardo. Acabamento com canos, toque respir\u00e1vel e gama de tamanhos XL, XXL, 3XL, 4XL. Concebida para homem e mulher.<\/p>","protected":false},"featured_media":2288,"template":"","meta":{"_gspb_post_css":""},"product_brand":[],"product_cat":[25],"product_tag":[335,328,336],"class_list":{"0":"post-665","1":"product","2":"type-product","3":"status-publish","4":"has-post-thumbnail","6":"product_cat-silk-sleepshirt","7":"product_tag-16-momme-silk-sleepshirt-leopard","8":"product_tag-charmeuse-silk-sleepshirt-piped","9":"product_tag-supplier-silk-sleepshirt-for-women-and-men","11":"first","12":"instock","13":"shipping-taxable","14":"purchasable","15":"product-type-simple"},"_links":{"self":[{"href":"https:\/\/silk-pajamas.com\/pt\/wp-json\/wp\/v2\/product\/665","targetHints":{"allow":["GET"]}}],"collection":[{"href":"https:\/\/silk-pajamas.com\/pt\/wp-json\/wp\/v2\/product"}],"about":[{"href":"https:\/\/silk-pajamas.com\/pt\/wp-json\/wp\/v2\/types\/product"}],"wp:featuredmedia":[{"embeddable":true,"href":"https:\/\/silk-pajamas.com\/pt\/wp-json\/wp\/v2\/media\/2288"}],"wp:attachment":[{"href":"https:\/\/silk-pajamas.com\/pt\/wp-json\/wp\/v2\/media?parent=665"}],"wp:term":[{"taxonomy":"product_brand","embeddable":true,"href":"https:\/\/silk-pajamas.com\/pt\/wp-json\/wp\/v2\/product_brand?post=665"},{"taxonomy":"product_cat","embeddable":true,"href":"https:\/\/silk-pajamas.com\/pt\/wp-json\/wp\/v2\/product_cat?post=665"},{"taxonomy":"product_tag","embeddable":true,"href":"https:\/\/silk-pajamas.com\/pt\/wp-json\/wp\/v2\/product_tag?post=665"}],"curies":[{"name":"wp","href":"https:\/\/api.w.org\/{rel}","templated":true}]}}