{"id":672,"date":"2026-04-12T15:43:17","date_gmt":"2026-04-12T15:43:17","guid":{"rendered":"https:\/\/silk-pajamas.com\/19-momme-crepe-silk-sleep-shirt-midi-silver-manufacturer\/"},"modified":"2026-05-08T09:14:42","modified_gmt":"2026-05-08T09:14:42","slug":"19-momme-crepe-silk-sleep-shirt-midi-silver-manufacturer","status":"publish","type":"product","link":"https:\/\/silk-pajamas.com\/pt\/19-momme-crepe-silk-sleep-shirt-midi-silver-manufacturer\/","title":{"rendered":"19 Momme Crepe Seda Camisa de dormir Midi Prata Fabricante"},"content":{"rendered":"<p>Confeccionada em crepe de seda 19 momme, esta camisa de dormir com bot\u00f5es oferece um toque suave, uma sensa\u00e7\u00e3o de pele delicada e um movimento elegante. A constru\u00e7\u00e3o midi e a cor prateada mant\u00eam o visual polido para utiliza\u00e7\u00e3o em viagem. Dispon\u00edvel em Personalizado. Lavar \u00e0 m\u00e3o a frio ou utilizar um ciclo suave.<\/p>","protected":false},"excerpt":{"rendered":"<p>19 Camisa de dormir Momme Crepe de seda com bot\u00f5es em prateado. Acabamento midi, toque suave e gama de tamanhos Custom. Concebida para utiliza\u00e7\u00e3o em viagem.<\/p>","protected":false},"featured_media":2254,"template":"","meta":{"_gspb_post_css":""},"product_brand":[],"product_cat":[25],"product_tag":[348,349,350],"class_list":{"0":"post-672","1":"product","2":"type-product","3":"status-publish","4":"has-post-thumbnail","6":"product_cat-silk-sleepshirt","7":"product_tag-19-momme-silk-sleepshirt-silver","8":"product_tag-crepe-silk-sleepshirt-midi","9":"product_tag-vendor-silk-sleepshirt-for-travel-use","11":"first","12":"instock","13":"shipping-taxable","14":"purchasable","15":"product-type-simple"},"_links":{"self":[{"href":"https:\/\/silk-pajamas.com\/pt\/wp-json\/wp\/v2\/product\/672","targetHints":{"allow":["GET"]}}],"collection":[{"href":"https:\/\/silk-pajamas.com\/pt\/wp-json\/wp\/v2\/product"}],"about":[{"href":"https:\/\/silk-pajamas.com\/pt\/wp-json\/wp\/v2\/types\/product"}],"wp:featuredmedia":[{"embeddable":true,"href":"https:\/\/silk-pajamas.com\/pt\/wp-json\/wp\/v2\/media\/2254"}],"wp:attachment":[{"href":"https:\/\/silk-pajamas.com\/pt\/wp-json\/wp\/v2\/media?parent=672"}],"wp:term":[{"taxonomy":"product_brand","embeddable":true,"href":"https:\/\/silk-pajamas.com\/pt\/wp-json\/wp\/v2\/product_brand?post=672"},{"taxonomy":"product_cat","embeddable":true,"href":"https:\/\/silk-pajamas.com\/pt\/wp-json\/wp\/v2\/product_cat?post=672"},{"taxonomy":"product_tag","embeddable":true,"href":"https:\/\/silk-pajamas.com\/pt\/wp-json\/wp\/v2\/product_tag?post=672"}],"curies":[{"name":"wp","href":"https:\/\/api.w.org\/{rel}","templated":true}]}}