{"id":674,"date":"2026-04-12T15:43:17","date_gmt":"2026-04-12T15:43:17","guid":{"rendered":"https:\/\/silk-pajamas.com\/22-momme-crepe-silk-sleepshirt-piped-wine-wholesale\/"},"modified":"2026-05-08T09:16:05","modified_gmt":"2026-05-08T09:16:05","slug":"22-momme-crepe-silk-sleepshirt-piped-wine-wholesale","status":"publish","type":"product","link":"https:\/\/silk-pajamas.com\/pt\/22-momme-crepe-silk-sleepshirt-piped-wine-wholesale\/","title":{"rendered":"22 Momme Crepe Sleepshirt de seda com tubagem Vinho Venda por grosso"},"content":{"rendered":"<p>Feita com crepe de seda 22 momme, esta camisa de dormir abotoada oferece um toque leve e suave na pele e um movimento elegante. A constru\u00e7\u00e3o com canos e a cor de vinho mant\u00eam o visual polido para conjuntos de presentes. Dispon\u00edvel em Personalizado. Lavar \u00e0 m\u00e3o a frio ou utilizar um ciclo suave.<\/p>","protected":false},"excerpt":{"rendered":"<p>22 Camisa de dormir Momme Crepe de seda com bot\u00f5es em vinho. Acabamento com vivo, toque leve e gama de tamanhos personalizada. Concebida para os conjuntos de oferta.<\/p>","protected":false},"featured_media":2251,"template":"","meta":{"_gspb_post_css":""},"product_brand":[],"product_cat":[25],"product_tag":[347,353,354],"class_list":{"0":"post-674","1":"product","2":"type-product","3":"status-publish","4":"has-post-thumbnail","6":"product_cat-silk-sleepshirt","7":"product_tag-22-momme-silk-sleepshirt-wine","8":"product_tag-crepe-silk-sleepshirt-piped","9":"product_tag-wholesale-silk-sleepshirt-for-gift-assortments","11":"first","12":"instock","13":"shipping-taxable","14":"purchasable","15":"product-type-simple"},"_links":{"self":[{"href":"https:\/\/silk-pajamas.com\/pt\/wp-json\/wp\/v2\/product\/674","targetHints":{"allow":["GET"]}}],"collection":[{"href":"https:\/\/silk-pajamas.com\/pt\/wp-json\/wp\/v2\/product"}],"about":[{"href":"https:\/\/silk-pajamas.com\/pt\/wp-json\/wp\/v2\/types\/product"}],"wp:featuredmedia":[{"embeddable":true,"href":"https:\/\/silk-pajamas.com\/pt\/wp-json\/wp\/v2\/media\/2251"}],"wp:attachment":[{"href":"https:\/\/silk-pajamas.com\/pt\/wp-json\/wp\/v2\/media?parent=674"}],"wp:term":[{"taxonomy":"product_brand","embeddable":true,"href":"https:\/\/silk-pajamas.com\/pt\/wp-json\/wp\/v2\/product_brand?post=674"},{"taxonomy":"product_cat","embeddable":true,"href":"https:\/\/silk-pajamas.com\/pt\/wp-json\/wp\/v2\/product_cat?post=674"},{"taxonomy":"product_tag","embeddable":true,"href":"https:\/\/silk-pajamas.com\/pt\/wp-json\/wp\/v2\/product_tag?post=674"}],"curies":[{"name":"wp","href":"https:\/\/api.w.org\/{rel}","templated":true}]}}