{"id":675,"date":"2026-04-12T15:43:17","date_gmt":"2026-04-12T15:43:17","guid":{"rendered":"https:\/\/silk-pajamas.com\/25-momme-sandwashed-silk-sleepshirt-button-down-sage\/"},"modified":"2026-05-08T09:25:22","modified_gmt":"2026-05-08T09:25:22","slug":"25-momme-sandwashed-silk-sleepshirt-button-down-sage","status":"publish","type":"product","link":"https:\/\/silk-pajamas.com\/pt\/25-momme-sandwashed-silk-sleepshirt-button-down-sage\/","title":{"rendered":"25 Momme Camisola de seda com bot\u00f5es para baixo Sage"},"content":{"rendered":"<p>Confeccionada em seda lavada de 25 mm, esta camisa de dormir com bot\u00f5es combina o pormenor de abotoar com um brilho suave e um toque respir\u00e1vel. O acabamento em s\u00e1lvia confere-lhe um aspeto requintado, enquanto os tamanhos S, M, L, XL ajudam a satisfazer as necessidades b\u00e1sicas. Adequada para utiliza\u00e7\u00e3o em viagem e para o guarda-roupa de todas as esta\u00e7\u00f5es. Lavar \u00e0 m\u00e3o a frio ou utilizar um ciclo suave.<\/p>","protected":false},"excerpt":{"rendered":"<p>25 Momme Camisa de dormir com bot\u00f5es em seda Sandwashed em Sage. Acabamento com bot\u00f5es, toque suave e gama de tamanhos S, M, L, XL. Concebida para utiliza\u00e7\u00e3o em viagem.<\/p>","protected":false},"featured_media":2259,"template":"","meta":{"_gspb_post_css":""},"product_brand":[],"product_cat":[25],"product_tag":[355,357,356],"class_list":{"0":"post-675","1":"product","2":"type-product","3":"status-publish","4":"has-post-thumbnail","6":"product_cat-silk-sleepshirt","7":"product_tag-25-momme-silk-sleepshirt-sage","8":"product_tag-factory-silk-sleepshirt-for-travel-use","9":"product_tag-sandwashed-silk-sleepshirt-button-down","11":"first","12":"instock","13":"shipping-taxable","14":"purchasable","15":"product-type-simple"},"_links":{"self":[{"href":"https:\/\/silk-pajamas.com\/pt\/wp-json\/wp\/v2\/product\/675","targetHints":{"allow":["GET"]}}],"collection":[{"href":"https:\/\/silk-pajamas.com\/pt\/wp-json\/wp\/v2\/product"}],"about":[{"href":"https:\/\/silk-pajamas.com\/pt\/wp-json\/wp\/v2\/types\/product"}],"wp:featuredmedia":[{"embeddable":true,"href":"https:\/\/silk-pajamas.com\/pt\/wp-json\/wp\/v2\/media\/2259"}],"wp:attachment":[{"href":"https:\/\/silk-pajamas.com\/pt\/wp-json\/wp\/v2\/media?parent=675"}],"wp:term":[{"taxonomy":"product_brand","embeddable":true,"href":"https:\/\/silk-pajamas.com\/pt\/wp-json\/wp\/v2\/product_brand?post=675"},{"taxonomy":"product_cat","embeddable":true,"href":"https:\/\/silk-pajamas.com\/pt\/wp-json\/wp\/v2\/product_cat?post=675"},{"taxonomy":"product_tag","embeddable":true,"href":"https:\/\/silk-pajamas.com\/pt\/wp-json\/wp\/v2\/product_tag?post=675"}],"curies":[{"name":"wp","href":"https:\/\/api.w.org\/{rel}","templated":true}]}}