{"id":677,"date":"2026-04-12T15:43:17","date_gmt":"2026-04-12T15:43:17","guid":{"rendered":"https:\/\/silk-pajamas.com\/25-momme-soft-shine-silk-bonnet-wide-band-sage-wholesale\/"},"modified":"2026-05-08T09:27:39","modified_gmt":"2026-05-08T09:27:39","slug":"25-momme-soft-shine-silk-bonnet-wide-band-sage-wholesale","status":"publish","type":"product","link":"https:\/\/silk-pajamas.com\/pt\/25-momme-soft-shine-silk-bonnet-wide-band-sage-wholesale\/","title":{"rendered":"25 Momme Chap\u00e9u de seda com brilho suave e banda larga Sage Venda por grosso"},"content":{"rendered":"<p>Confeccionada em seda de 25 mm de brilho suave, esta touca de dormir combina o pormenor da faixa larga com um brilho suave e um toque respir\u00e1vel. O acabamento em s\u00e1lvia confere-lhe um aspeto requintado, enquanto os tamanhos One Size ajudam a cobrir as necessidades b\u00e1sicas. Adequado para o cuidado do cabelo durante a noite e para o guarda-roupa de todas as esta\u00e7\u00f5es. Lavar \u00e0 m\u00e3o a frio e secar ao ar.<\/p>","protected":false},"excerpt":{"rendered":"<p>25 Touca de dormir em seda Momme Soft Shine em Sage. Acabamento em banda larga, toque suave e tamanho \u00fanico. Concebida para cuidar do cabelo durante a noite.<\/p>","protected":false},"featured_media":2191,"template":"","meta":{"_gspb_post_css":""},"product_brand":[],"product_cat":[35],"product_tag":[360,362,361],"class_list":{"0":"post-677","1":"product","2":"type-product","3":"status-publish","4":"has-post-thumbnail","6":"product_cat-silk-bonnets","7":"product_tag-25-momme-silk-bonnet-sage","8":"product_tag-manufacturer-silk-bonnet-for-overnight-hair-care","9":"product_tag-soft-shine-silk-bonnet-wide-band","11":"first","12":"instock","13":"featured","14":"shipping-taxable","15":"purchasable","16":"product-type-simple"},"_links":{"self":[{"href":"https:\/\/silk-pajamas.com\/pt\/wp-json\/wp\/v2\/product\/677","targetHints":{"allow":["GET"]}}],"collection":[{"href":"https:\/\/silk-pajamas.com\/pt\/wp-json\/wp\/v2\/product"}],"about":[{"href":"https:\/\/silk-pajamas.com\/pt\/wp-json\/wp\/v2\/types\/product"}],"wp:featuredmedia":[{"embeddable":true,"href":"https:\/\/silk-pajamas.com\/pt\/wp-json\/wp\/v2\/media\/2191"}],"wp:attachment":[{"href":"https:\/\/silk-pajamas.com\/pt\/wp-json\/wp\/v2\/media?parent=677"}],"wp:term":[{"taxonomy":"product_brand","embeddable":true,"href":"https:\/\/silk-pajamas.com\/pt\/wp-json\/wp\/v2\/product_brand?post=677"},{"taxonomy":"product_cat","embeddable":true,"href":"https:\/\/silk-pajamas.com\/pt\/wp-json\/wp\/v2\/product_cat?post=677"},{"taxonomy":"product_tag","embeddable":true,"href":"https:\/\/silk-pajamas.com\/pt\/wp-json\/wp\/v2\/product_tag?post=677"}],"curies":[{"name":"wp","href":"https:\/\/api.w.org\/{rel}","templated":true}]}}