{"id":678,"date":"2026-04-12T15:43:17","date_gmt":"2026-04-12T15:43:17","guid":{"rendered":"https:\/\/silk-pajamas.com\/19-momme-charmeuse-mulberry-silk-bonnet-long-hair-coffee\/"},"modified":"2026-05-08T09:32:17","modified_gmt":"2026-05-08T09:32:17","slug":"19-momme-charmeuse-mulberry-silk-bonnet-long-hair-coffee","status":"publish","type":"product","link":"https:\/\/silk-pajamas.com\/pt\/19-momme-charmeuse-mulberry-silk-bonnet-long-hair-coffee\/","title":{"rendered":"19 Momme Charmeuse Mulberry Silk Bonnet Cabelo comprido Caf\u00e9"},"content":{"rendered":"<p>Confeccionada em seda charmeuse 19 momme, esta touca de dormir oferece um toque suave, uma sensa\u00e7\u00e3o de pele delicada e um movimento elegante. A constru\u00e7\u00e3o para cabelos compridos e a cor caf\u00e9 mant\u00eam o look polido para o cuidado dos cabelos encaracolados. Dispon\u00edvel em tamanho \u00fanico. Lavar \u00e0 m\u00e3o a frio e secar ao ar.<\/p>","protected":false},"excerpt":{"rendered":"<p>19 Touca de dormir em seda Momme Charmeuse em Caf\u00e9. Acabamento em cabelo comprido, toque suave e tamanho \u00fanico. Concebida para o cuidado dos cabelos encaracolados.<\/p>","protected":false},"featured_media":2266,"template":"","meta":{"_gspb_post_css":""},"product_brand":[],"product_cat":[35],"product_tag":[363,364,365],"class_list":{"0":"post-678","1":"product","2":"type-product","3":"status-publish","4":"has-post-thumbnail","6":"product_cat-silk-bonnets","7":"product_tag-19-momme-silk-bonnet-coffee","8":"product_tag-charmeuse-silk-bonnet-long-hair","9":"product_tag-vendor-silk-bonnet-for-curly-hair-care","11":"first","12":"instock","13":"shipping-taxable","14":"purchasable","15":"product-type-simple"},"_links":{"self":[{"href":"https:\/\/silk-pajamas.com\/pt\/wp-json\/wp\/v2\/product\/678","targetHints":{"allow":["GET"]}}],"collection":[{"href":"https:\/\/silk-pajamas.com\/pt\/wp-json\/wp\/v2\/product"}],"about":[{"href":"https:\/\/silk-pajamas.com\/pt\/wp-json\/wp\/v2\/types\/product"}],"wp:featuredmedia":[{"embeddable":true,"href":"https:\/\/silk-pajamas.com\/pt\/wp-json\/wp\/v2\/media\/2266"}],"wp:attachment":[{"href":"https:\/\/silk-pajamas.com\/pt\/wp-json\/wp\/v2\/media?parent=678"}],"wp:term":[{"taxonomy":"product_brand","embeddable":true,"href":"https:\/\/silk-pajamas.com\/pt\/wp-json\/wp\/v2\/product_brand?post=678"},{"taxonomy":"product_cat","embeddable":true,"href":"https:\/\/silk-pajamas.com\/pt\/wp-json\/wp\/v2\/product_cat?post=678"},{"taxonomy":"product_tag","embeddable":true,"href":"https:\/\/silk-pajamas.com\/pt\/wp-json\/wp\/v2\/product_tag?post=678"}],"curies":[{"name":"wp","href":"https:\/\/api.w.org\/{rel}","templated":true}]}}