{"id":682,"date":"2026-04-12T15:43:19","date_gmt":"2026-04-12T15:43:19","guid":{"rendered":"https:\/\/silk-pajamas.com\/19-momme-soft-shine-mulberry-silk-bonnet-wide-band-rose\/"},"modified":"2026-05-08T07:57:45","modified_gmt":"2026-05-08T07:57:45","slug":"19-momme-soft-shine-mulberry-silk-bonnet-wide-band-rose","status":"publish","type":"product","link":"https:\/\/silk-pajamas.com\/pt\/19-momme-soft-shine-mulberry-silk-bonnet-wide-band-rose\/","title":{"rendered":"19 Momme Touca de seda de amora com brilho suave Banda larga Rosa"},"content":{"rendered":"<p>Confeccionada com seda de 19 momme de brilho suave, esta touca de dormir oferece um toque suave, uma sensa\u00e7\u00e3o de pele delicada e um movimento elegante. A constru\u00e7\u00e3o em banda larga e a cor rosa mant\u00eam o visual polido para os cuidados com o cabelo durante a noite. Dispon\u00edvel em tamanho \u00fanico. Lavar \u00e0 m\u00e3o a frio e secar ao ar.<\/p>","protected":false},"excerpt":{"rendered":"<p>19 Touca de dormir em seda Momme Soft Shine em rosa. Acabamento em banda larga, toque suave e tamanho \u00fanico. Concebida para o cuidado do cabelo durante a noite.<\/p>","protected":false},"featured_media":2223,"template":"","meta":{"_gspb_post_css":""},"product_brand":[],"product_cat":[35],"product_tag":[373,362,361],"class_list":{"0":"post-682","1":"product","2":"type-product","3":"status-publish","4":"has-post-thumbnail","6":"product_cat-silk-bonnets","7":"product_tag-19-momme-silk-bonnet-rose","8":"product_tag-manufacturer-silk-bonnet-for-overnight-hair-care","9":"product_tag-soft-shine-silk-bonnet-wide-band","11":"first","12":"instock","13":"featured","14":"shipping-taxable","15":"purchasable","16":"product-type-simple"},"_links":{"self":[{"href":"https:\/\/silk-pajamas.com\/pt\/wp-json\/wp\/v2\/product\/682","targetHints":{"allow":["GET"]}}],"collection":[{"href":"https:\/\/silk-pajamas.com\/pt\/wp-json\/wp\/v2\/product"}],"about":[{"href":"https:\/\/silk-pajamas.com\/pt\/wp-json\/wp\/v2\/types\/product"}],"wp:featuredmedia":[{"embeddable":true,"href":"https:\/\/silk-pajamas.com\/pt\/wp-json\/wp\/v2\/media\/2223"}],"wp:attachment":[{"href":"https:\/\/silk-pajamas.com\/pt\/wp-json\/wp\/v2\/media?parent=682"}],"wp:term":[{"taxonomy":"product_brand","embeddable":true,"href":"https:\/\/silk-pajamas.com\/pt\/wp-json\/wp\/v2\/product_brand?post=682"},{"taxonomy":"product_cat","embeddable":true,"href":"https:\/\/silk-pajamas.com\/pt\/wp-json\/wp\/v2\/product_cat?post=682"},{"taxonomy":"product_tag","embeddable":true,"href":"https:\/\/silk-pajamas.com\/pt\/wp-json\/wp\/v2\/product_tag?post=682"}],"curies":[{"name":"wp","href":"https:\/\/api.w.org\/{rel}","templated":true}]}}