{"id":685,"date":"2026-04-12T15:43:19","date_gmt":"2026-04-12T15:43:19","guid":{"rendered":"https:\/\/silk-pajamas.com\/22-momme-mulberry-silk-bonnet-wide-band-lilac-supplier\/"},"modified":"2026-05-08T08:46:24","modified_gmt":"2026-05-08T08:46:24","slug":"22-momme-mulberry-silk-bonnet-wide-band-lilac-supplier","status":"publish","type":"product","link":"https:\/\/silk-pajamas.com\/pt\/22-momme-mulberry-silk-bonnet-wide-band-lilac-supplier\/","title":{"rendered":"22 Momme Touca de seda de amora Banda larga Lil\u00e1s Fornecedor"},"content":{"rendered":"<p>Esta touca de dormir \u00e9 feita de seda de amora 22 momme num tom lil\u00e1s. Apresenta uma banda larga, um toque suave e um drapeado confort\u00e1vel para o cuidado do cabelo encaracolado. O estilo suporta tamanhos personalizados e funciona bem para usar no ver\u00e3o, para oferecer e para o conforto di\u00e1rio. Lavar \u00e0 m\u00e3o a frio e secar ao ar.<\/p>","protected":false},"excerpt":{"rendered":"<p>Touca de dormir em seda 22 Momme Mulberry em Lil\u00e1s. Acabamento em banda larga, toque suave e gama de tamanhos personalizada. Concebida para o cuidado dos cabelos encaracolados.<\/p>","protected":false},"featured_media":2234,"template":"","meta":{"_gspb_post_css":""},"product_brand":[],"product_cat":[35],"product_tag":[380,381,382],"class_list":{"0":"post-685","1":"product","2":"type-product","3":"status-publish","4":"has-post-thumbnail","6":"product_cat-silk-bonnets","7":"product_tag-22-momme-silk-bonnet-lilac","8":"product_tag-mulberry-silk-bonnet-wide-band","9":"product_tag-supplier-silk-bonnet-for-curly-hair-care","11":"first","12":"instock","13":"shipping-taxable","14":"purchasable","15":"product-type-simple"},"_links":{"self":[{"href":"https:\/\/silk-pajamas.com\/pt\/wp-json\/wp\/v2\/product\/685","targetHints":{"allow":["GET"]}}],"collection":[{"href":"https:\/\/silk-pajamas.com\/pt\/wp-json\/wp\/v2\/product"}],"about":[{"href":"https:\/\/silk-pajamas.com\/pt\/wp-json\/wp\/v2\/types\/product"}],"wp:featuredmedia":[{"embeddable":true,"href":"https:\/\/silk-pajamas.com\/pt\/wp-json\/wp\/v2\/media\/2234"}],"wp:attachment":[{"href":"https:\/\/silk-pajamas.com\/pt\/wp-json\/wp\/v2\/media?parent=685"}],"wp:term":[{"taxonomy":"product_brand","embeddable":true,"href":"https:\/\/silk-pajamas.com\/pt\/wp-json\/wp\/v2\/product_brand?post=685"},{"taxonomy":"product_cat","embeddable":true,"href":"https:\/\/silk-pajamas.com\/pt\/wp-json\/wp\/v2\/product_cat?post=685"},{"taxonomy":"product_tag","embeddable":true,"href":"https:\/\/silk-pajamas.com\/pt\/wp-json\/wp\/v2\/product_tag?post=685"}],"curies":[{"name":"wp","href":"https:\/\/api.w.org\/{rel}","templated":true}]}}