{"id":688,"date":"2026-04-12T15:43:19","date_gmt":"2026-04-12T15:43:19","guid":{"rendered":"https:\/\/silk-pajamas.com\/25-momme-charmeuse-mulberry-silk-bonnet-wide-band-rose\/"},"modified":"2026-05-08T08:50:22","modified_gmt":"2026-05-08T08:50:22","slug":"25-momme-charmeuse-mulberry-silk-bonnet-wide-band-rose","status":"publish","type":"product","link":"https:\/\/silk-pajamas.com\/pt\/25-momme-charmeuse-mulberry-silk-bonnet-wide-band-rose\/","title":{"rendered":"25 Momme Charmeuse Mulberry Silk Bonnet Banda larga Rosa"},"content":{"rendered":"<p>Esta touca de dormir \u00e9 feita de seda 25 momme charmeuse num tom rosa. Apresenta uma faixa larga, um toque suave e um drapeado confort\u00e1vel para cuidar de cabelos compridos. O estilo suporta tamanhos personalizados e funciona bem para usar no ver\u00e3o, para oferecer e para o conforto di\u00e1rio. Lavar \u00e0 m\u00e3o a frio e secar ao ar.<\/p>","protected":false},"excerpt":{"rendered":"<p>25 Touca de dormir em seda Momme Charmeuse em rosa. Acabamento em banda larga, toque respir\u00e1vel e gama de tamanhos personalizada. Concebida para o cuidado dos cabelos compridos.<\/p>","protected":false},"featured_media":2225,"template":"","meta":{"_gspb_post_css":""},"product_brand":[],"product_cat":[35],"product_tag":[377,387,388],"class_list":{"0":"post-688","1":"product","2":"type-product","3":"status-publish","4":"has-post-thumbnail","6":"product_cat-silk-bonnets","7":"product_tag-25-momme-silk-bonnet-rose","8":"product_tag-charmeuse-silk-bonnet-wide-band","9":"product_tag-factory-silk-bonnet-for-long-hair-care","11":"first","12":"instock","13":"shipping-taxable","14":"purchasable","15":"product-type-simple"},"_links":{"self":[{"href":"https:\/\/silk-pajamas.com\/pt\/wp-json\/wp\/v2\/product\/688","targetHints":{"allow":["GET"]}}],"collection":[{"href":"https:\/\/silk-pajamas.com\/pt\/wp-json\/wp\/v2\/product"}],"about":[{"href":"https:\/\/silk-pajamas.com\/pt\/wp-json\/wp\/v2\/types\/product"}],"wp:featuredmedia":[{"embeddable":true,"href":"https:\/\/silk-pajamas.com\/pt\/wp-json\/wp\/v2\/media\/2225"}],"wp:attachment":[{"href":"https:\/\/silk-pajamas.com\/pt\/wp-json\/wp\/v2\/media?parent=688"}],"wp:term":[{"taxonomy":"product_brand","embeddable":true,"href":"https:\/\/silk-pajamas.com\/pt\/wp-json\/wp\/v2\/product_brand?post=688"},{"taxonomy":"product_cat","embeddable":true,"href":"https:\/\/silk-pajamas.com\/pt\/wp-json\/wp\/v2\/product_cat?post=688"},{"taxonomy":"product_tag","embeddable":true,"href":"https:\/\/silk-pajamas.com\/pt\/wp-json\/wp\/v2\/product_tag?post=688"}],"curies":[{"name":"wp","href":"https:\/\/api.w.org\/{rel}","templated":true}]}}