{"id":695,"date":"2026-04-12T15:43:20","date_gmt":"2026-04-12T15:43:20","guid":{"rendered":"https:\/\/silk-pajamas.com\/25-momme-mulberry-silk-bonnet-double-layer-floral\/"},"modified":"2026-05-08T07:39:58","modified_gmt":"2026-05-08T07:39:58","slug":"25-momme-mulberry-silk-bonnet-double-layer-floral","status":"publish","type":"product","link":"https:\/\/silk-pajamas.com\/pt\/25-momme-mulberry-silk-bonnet-double-layer-floral\/","title":{"rendered":"25 Chap\u00e9u de seda Momme Mulberry Floral de dupla camada"},"content":{"rendered":"<p>Esta touca de dormir \u00e9 confeccionada em seda de amora de 25 momme num tom floral. Apresenta uma camada dupla, um toque suave e um drapeado confort\u00e1vel para cuidar de cabelos compridos. O estilo suporta tamanhos personalizados e funciona bem para usar no outono, para oferecer e para o conforto di\u00e1rio. Lavar \u00e0 m\u00e3o a frio e secar ao ar.<\/p>","protected":false},"excerpt":{"rendered":"<p>25 Touca de dormir Momme Mulberry em seda Floral. Acabamento de dupla camada, toque respir\u00e1vel e gama de tamanhos personalizada. Concebida para o cuidado dos cabelos compridos.<\/p>","protected":false},"featured_media":2205,"template":"","meta":{"_gspb_post_css":""},"product_brand":[],"product_cat":[35],"product_tag":[399,393,394],"class_list":{"0":"post-695","1":"product","2":"type-product","3":"status-publish","4":"has-post-thumbnail","6":"product_cat-silk-bonnets","7":"product_tag-25-momme-silk-bonnet-floral","8":"product_tag-mulberry-silk-bonnet-double-layer","9":"product_tag-vendor-silk-bonnet-for-long-hair-care","11":"first","12":"instock","13":"shipping-taxable","14":"purchasable","15":"product-type-simple"},"_links":{"self":[{"href":"https:\/\/silk-pajamas.com\/pt\/wp-json\/wp\/v2\/product\/695","targetHints":{"allow":["GET"]}}],"collection":[{"href":"https:\/\/silk-pajamas.com\/pt\/wp-json\/wp\/v2\/product"}],"about":[{"href":"https:\/\/silk-pajamas.com\/pt\/wp-json\/wp\/v2\/types\/product"}],"wp:featuredmedia":[{"embeddable":true,"href":"https:\/\/silk-pajamas.com\/pt\/wp-json\/wp\/v2\/media\/2205"}],"wp:attachment":[{"href":"https:\/\/silk-pajamas.com\/pt\/wp-json\/wp\/v2\/media?parent=695"}],"wp:term":[{"taxonomy":"product_brand","embeddable":true,"href":"https:\/\/silk-pajamas.com\/pt\/wp-json\/wp\/v2\/product_brand?post=695"},{"taxonomy":"product_cat","embeddable":true,"href":"https:\/\/silk-pajamas.com\/pt\/wp-json\/wp\/v2\/product_cat?post=695"},{"taxonomy":"product_tag","embeddable":true,"href":"https:\/\/silk-pajamas.com\/pt\/wp-json\/wp\/v2\/product_tag?post=695"}],"curies":[{"name":"wp","href":"https:\/\/api.w.org\/{rel}","templated":true}]}}