{"id":696,"date":"2026-04-12T15:43:20","date_gmt":"2026-04-12T15:43:20","guid":{"rendered":"https:\/\/silk-pajamas.com\/25-momme-soft-shine-silk-bonnet-elastic-edge-leopard\/"},"modified":"2026-05-08T07:40:31","modified_gmt":"2026-05-08T07:40:31","slug":"25-momme-soft-shine-silk-bonnet-elastic-edge-leopard","status":"publish","type":"product","link":"https:\/\/silk-pajamas.com\/pt\/25-momme-soft-shine-silk-bonnet-elastic-edge-leopard\/","title":{"rendered":"25 Chap\u00e9u de seda Momme Soft Shine Borda el\u00e1stica Leopardo"},"content":{"rendered":"<p>Esta touca de dormir \u00e9 fabricada em seda de 25 mm de brilho suave num tom de leopardo. Tem um rebordo el\u00e1stico, um toque suave e um drapeado confort\u00e1vel para cuidar do cabelo durante a noite. O estilo suporta tamanhos personalizados e funciona bem para usar no outono, para oferecer e para o conforto di\u00e1rio. Lavar \u00e0 m\u00e3o a frio e secar ao ar.<\/p>","protected":false},"excerpt":{"rendered":"<p>25 Touca de dormir em seda Momme Soft Shine em Leopardo. Acabamento com rebordo el\u00e1stico, toque suave e gama de tamanhos personalizada. Concebida para cuidar do cabelo durante a noite.<\/p>","protected":false},"featured_media":2178,"template":"","meta":{"_gspb_post_css":""},"product_brand":[],"product_cat":[35],"product_tag":[391,400,401],"class_list":{"0":"post-696","1":"product","2":"type-product","3":"status-publish","4":"has-post-thumbnail","6":"product_cat-silk-bonnets","7":"product_tag-25-momme-silk-bonnet-leopard","8":"product_tag-soft-shine-silk-bonnet-elastic-edge","9":"product_tag-supplier-silk-bonnet-for-overnight-hair-care","11":"first","12":"instock","13":"shipping-taxable","14":"purchasable","15":"product-type-simple"},"_links":{"self":[{"href":"https:\/\/silk-pajamas.com\/pt\/wp-json\/wp\/v2\/product\/696","targetHints":{"allow":["GET"]}}],"collection":[{"href":"https:\/\/silk-pajamas.com\/pt\/wp-json\/wp\/v2\/product"}],"about":[{"href":"https:\/\/silk-pajamas.com\/pt\/wp-json\/wp\/v2\/types\/product"}],"wp:featuredmedia":[{"embeddable":true,"href":"https:\/\/silk-pajamas.com\/pt\/wp-json\/wp\/v2\/media\/2178"}],"wp:attachment":[{"href":"https:\/\/silk-pajamas.com\/pt\/wp-json\/wp\/v2\/media?parent=696"}],"wp:term":[{"taxonomy":"product_brand","embeddable":true,"href":"https:\/\/silk-pajamas.com\/pt\/wp-json\/wp\/v2\/product_brand?post=696"},{"taxonomy":"product_cat","embeddable":true,"href":"https:\/\/silk-pajamas.com\/pt\/wp-json\/wp\/v2\/product_cat?post=696"},{"taxonomy":"product_tag","embeddable":true,"href":"https:\/\/silk-pajamas.com\/pt\/wp-json\/wp\/v2\/product_tag?post=696"}],"curies":[{"name":"wp","href":"https:\/\/api.w.org\/{rel}","templated":true}]}}