{"id":698,"date":"2026-04-12T15:43:20","date_gmt":"2026-04-12T15:43:20","guid":{"rendered":"https:\/\/silk-pajamas.com\/19-momme-double-layer-silk-eye-mask-travel-pearl\/"},"modified":"2026-05-08T07:42:39","modified_gmt":"2026-05-08T07:42:39","slug":"19-momme-double-layer-silk-eye-mask-travel-pearl","status":"publish","type":"product","link":"https:\/\/silk-pajamas.com\/pt\/19-momme-double-layer-silk-eye-mask-travel-pearl\/","title":{"rendered":"19 Momme Double Layer Silk Eye Mask Travel Pearl"},"content":{"rendered":"<p>Confeccionada em seda de dupla camada de 19 mm, esta m\u00e1scara de dormir almofadada combina detalhes de viagem com um brilho suave e um toque respir\u00e1vel. O acabamento em p\u00e9rola confere-lhe um aspeto requintado, enquanto os tamanhos One Size ajudam a cobrir as principais necessidades. Adequada para pessoas com sono leve e guarda-roupas de outono. Limpeza \u00e0 vista ou lavagem \u00e0 m\u00e3o a frio.<\/p>","protected":false},"excerpt":{"rendered":"<p>19 M\u00e1scara de dormir Momme Double Layer em seda almofadada em Pearl. Acabamento de viagem, toque resistente \u00e0s rugas e tamanho \u00fanico. Concebida para pessoas com sono ligeiro.<\/p>","protected":false},"featured_media":2162,"template":"","meta":{"_gspb_post_css":""},"product_brand":[],"product_cat":[37],"product_tag":[405,406,404],"class_list":{"0":"post-698","1":"product","2":"type-product","3":"status-publish","4":"has-post-thumbnail","6":"product_cat-silk-eye-masks","7":"product_tag-19-momme-silk-eye-mask-pearl","8":"product_tag-double-layer-silk-eye-mask-travel","9":"product_tag-manufacturer-silk-eye-mask-for-light-sleepers","11":"first","12":"instock","13":"shipping-taxable","14":"purchasable","15":"product-type-simple"},"_links":{"self":[{"href":"https:\/\/silk-pajamas.com\/pt\/wp-json\/wp\/v2\/product\/698","targetHints":{"allow":["GET"]}}],"collection":[{"href":"https:\/\/silk-pajamas.com\/pt\/wp-json\/wp\/v2\/product"}],"about":[{"href":"https:\/\/silk-pajamas.com\/pt\/wp-json\/wp\/v2\/types\/product"}],"wp:featuredmedia":[{"embeddable":true,"href":"https:\/\/silk-pajamas.com\/pt\/wp-json\/wp\/v2\/media\/2162"}],"wp:attachment":[{"href":"https:\/\/silk-pajamas.com\/pt\/wp-json\/wp\/v2\/media?parent=698"}],"wp:term":[{"taxonomy":"product_brand","embeddable":true,"href":"https:\/\/silk-pajamas.com\/pt\/wp-json\/wp\/v2\/product_brand?post=698"},{"taxonomy":"product_cat","embeddable":true,"href":"https:\/\/silk-pajamas.com\/pt\/wp-json\/wp\/v2\/product_cat?post=698"},{"taxonomy":"product_tag","embeddable":true,"href":"https:\/\/silk-pajamas.com\/pt\/wp-json\/wp\/v2\/product_tag?post=698"}],"curies":[{"name":"wp","href":"https:\/\/api.w.org\/{rel}","templated":true}]}}