{"id":700,"date":"2026-04-12T15:43:20","date_gmt":"2026-04-12T15:43:20","guid":{"rendered":"https:\/\/silk-pajamas.com\/25-momme-soft-shine-mulberry-silk-eye-mask-piped-coffee\/"},"modified":"2026-05-08T07:44:37","modified_gmt":"2026-05-08T07:44:37","slug":"25-momme-soft-shine-mulberry-silk-eye-mask-piped-coffee","status":"publish","type":"product","link":"https:\/\/silk-pajamas.com\/pt\/25-momme-soft-shine-mulberry-silk-eye-mask-piped-coffee\/","title":{"rendered":"25 Momme Soft Shine Mulberry Silk Eye Mask Piped Coffee"},"content":{"rendered":"<p>Fabricada com seda de brilho suave de 25 mm, esta m\u00e1scara de dormir almofadada oferece regula\u00e7\u00e3o t\u00e9rmica, toque suave na pele e movimento elegante. A constru\u00e7\u00e3o com tubagens e a cor caf\u00e9 mant\u00eam o aspeto polido para programas de spa. Dispon\u00edvel em tamanho \u00fanico. Limpeza \u00e0 vista ou lavagem \u00e0 m\u00e3o a frio.<\/p>","protected":false},"excerpt":{"rendered":"<p>25 M\u00e1scara de dormir acolchoada de seda Momme Soft Shine em Caf\u00e9. Acabamento em canelado, toque termo-regulador e tamanho \u00fanico. Concebida para programas de spa.<\/p>","protected":false},"featured_media":2213,"template":"","meta":{"_gspb_post_css":""},"product_brand":[],"product_cat":[37],"product_tag":[410,409,411],"class_list":{"0":"post-700","1":"product","2":"type-product","3":"status-publish","4":"has-post-thumbnail","6":"product_cat-silk-eye-masks","7":"product_tag-25-momme-silk-eye-mask-coffee","8":"product_tag-manufacturer-silk-eye-mask-for-spa-programs","9":"product_tag-soft-shine-silk-eye-mask-piped","11":"first","12":"instock","13":"shipping-taxable","14":"purchasable","15":"product-type-simple"},"_links":{"self":[{"href":"https:\/\/silk-pajamas.com\/pt\/wp-json\/wp\/v2\/product\/700","targetHints":{"allow":["GET"]}}],"collection":[{"href":"https:\/\/silk-pajamas.com\/pt\/wp-json\/wp\/v2\/product"}],"about":[{"href":"https:\/\/silk-pajamas.com\/pt\/wp-json\/wp\/v2\/types\/product"}],"wp:featuredmedia":[{"embeddable":true,"href":"https:\/\/silk-pajamas.com\/pt\/wp-json\/wp\/v2\/media\/2213"}],"wp:attachment":[{"href":"https:\/\/silk-pajamas.com\/pt\/wp-json\/wp\/v2\/media?parent=700"}],"wp:term":[{"taxonomy":"product_brand","embeddable":true,"href":"https:\/\/silk-pajamas.com\/pt\/wp-json\/wp\/v2\/product_brand?post=700"},{"taxonomy":"product_cat","embeddable":true,"href":"https:\/\/silk-pajamas.com\/pt\/wp-json\/wp\/v2\/product_cat?post=700"},{"taxonomy":"product_tag","embeddable":true,"href":"https:\/\/silk-pajamas.com\/pt\/wp-json\/wp\/v2\/product_tag?post=700"}],"curies":[{"name":"wp","href":"https:\/\/api.w.org\/{rel}","templated":true}]}}