{"id":702,"date":"2026-04-12T15:43:20","date_gmt":"2026-04-12T15:43:20","guid":{"rendered":"https:\/\/silk-pajamas.com\/19-momme-charmeuse-mulberry-silk-eye-mask-cooling-sage\/"},"modified":"2026-05-08T07:52:10","modified_gmt":"2026-05-08T07:52:10","slug":"19-momme-charmeuse-mulberry-silk-eye-mask-cooling-sage","status":"publish","type":"product","link":"https:\/\/silk-pajamas.com\/pt\/19-momme-charmeuse-mulberry-silk-eye-mask-cooling-sage\/","title":{"rendered":"19 Momme Charmeuse Mulberry Silk Eye Mask Cooling Sage"},"content":{"rendered":"<p>Confeccionada em seda momme charmeuse 19, esta m\u00e1scara de dormir almofadada combina detalhes refrescantes com um brilho suave e um toque respir\u00e1vel. O acabamento em s\u00e1lvia confere-lhe um aspeto requintado, enquanto os tamanhos One Size ajudam a cobrir as principais necessidades. Adequada para utiliza\u00e7\u00e3o em viagem e para todos os guarda-roupas da esta\u00e7\u00e3o. Limpeza \u00e0 vista ou lavagem \u00e0 m\u00e3o a frio.<\/p>","protected":false},"excerpt":{"rendered":"<p>19 M\u00e1scara de dormir almofadada de seda Momme Charmeuse em Sage. Acabamento refrescante, toque respir\u00e1vel e tamanho \u00fanico. Concebida para utiliza\u00e7\u00e3o em viagem.<\/p>","protected":false},"featured_media":2221,"template":"","meta":{"_gspb_post_css":""},"product_brand":[],"product_cat":[37],"product_tag":[415,408,416],"class_list":{"0":"post-702","1":"product","2":"type-product","3":"status-publish","4":"has-post-thumbnail","6":"product_cat-silk-eye-masks","7":"product_tag-19-momme-silk-eye-mask-sage","8":"product_tag-charmeuse-silk-eye-mask-cooling","9":"product_tag-vendor-silk-eye-mask-for-travel-use","11":"first","12":"instock","13":"featured","14":"shipping-taxable","15":"purchasable","16":"product-type-simple"},"_links":{"self":[{"href":"https:\/\/silk-pajamas.com\/pt\/wp-json\/wp\/v2\/product\/702","targetHints":{"allow":["GET"]}}],"collection":[{"href":"https:\/\/silk-pajamas.com\/pt\/wp-json\/wp\/v2\/product"}],"about":[{"href":"https:\/\/silk-pajamas.com\/pt\/wp-json\/wp\/v2\/types\/product"}],"wp:featuredmedia":[{"embeddable":true,"href":"https:\/\/silk-pajamas.com\/pt\/wp-json\/wp\/v2\/media\/2221"}],"wp:attachment":[{"href":"https:\/\/silk-pajamas.com\/pt\/wp-json\/wp\/v2\/media?parent=702"}],"wp:term":[{"taxonomy":"product_brand","embeddable":true,"href":"https:\/\/silk-pajamas.com\/pt\/wp-json\/wp\/v2\/product_brand?post=702"},{"taxonomy":"product_cat","embeddable":true,"href":"https:\/\/silk-pajamas.com\/pt\/wp-json\/wp\/v2\/product_cat?post=702"},{"taxonomy":"product_tag","embeddable":true,"href":"https:\/\/silk-pajamas.com\/pt\/wp-json\/wp\/v2\/product_tag?post=702"}],"curies":[{"name":"wp","href":"https:\/\/api.w.org\/{rel}","templated":true}]}}