{"id":704,"date":"2026-04-12T15:43:21","date_gmt":"2026-04-12T15:43:21","guid":{"rendered":"https:\/\/silk-pajamas.com\/25-momme-double-layer-mulberry-silk-eye-mask-piped-blush\/"},"modified":"2026-05-08T07:01:53","modified_gmt":"2026-05-08T07:01:53","slug":"25-momme-double-layer-mulberry-silk-eye-mask-piped-blush","status":"publish","type":"product","link":"https:\/\/silk-pajamas.com\/pt\/25-momme-double-layer-mulberry-silk-eye-mask-piped-blush\/","title":{"rendered":"25 Momme Double Layer Mulberry Silk Eye Mask Piped Blush"},"content":{"rendered":"<p>Esta m\u00e1scara de dormir almofadada \u00e9 fabricada em seda de camada dupla de 25 mm num tom de blush. Apresenta um debrum, um toque suave e um drapeado confort\u00e1vel para programas de spa. O estilo \u00e9 compat\u00edvel com o tamanho One Size e funciona bem para usar na primavera, para oferecer e para o conforto di\u00e1rio. Limpeza \u00e0 vista ou lavagem \u00e0 m\u00e3o a frio.<\/p>","protected":false},"excerpt":{"rendered":"<p>25 M\u00e1scara de dormir acolchoada de seda Momme Double Layer em Blush. Acabamento com canos, toque suave e tamanho \u00fanico. Concebida para programas de spa.<\/p>","protected":false},"featured_media":2160,"template":"","meta":{"_gspb_post_css":""},"product_brand":[],"product_cat":[37],"product_tag":[419,420,421],"class_list":{"0":"post-704","1":"product","2":"type-product","3":"status-publish","4":"has-post-thumbnail","6":"product_cat-silk-eye-masks","7":"product_tag-25-momme-silk-eye-mask-blush","8":"product_tag-double-layer-silk-eye-mask-piped","9":"product_tag-supplier-silk-eye-mask-for-spa-programs","11":"first","12":"instock","13":"shipping-taxable","14":"purchasable","15":"product-type-simple"},"_links":{"self":[{"href":"https:\/\/silk-pajamas.com\/pt\/wp-json\/wp\/v2\/product\/704","targetHints":{"allow":["GET"]}}],"collection":[{"href":"https:\/\/silk-pajamas.com\/pt\/wp-json\/wp\/v2\/product"}],"about":[{"href":"https:\/\/silk-pajamas.com\/pt\/wp-json\/wp\/v2\/types\/product"}],"wp:featuredmedia":[{"embeddable":true,"href":"https:\/\/silk-pajamas.com\/pt\/wp-json\/wp\/v2\/media\/2160"}],"wp:attachment":[{"href":"https:\/\/silk-pajamas.com\/pt\/wp-json\/wp\/v2\/media?parent=704"}],"wp:term":[{"taxonomy":"product_brand","embeddable":true,"href":"https:\/\/silk-pajamas.com\/pt\/wp-json\/wp\/v2\/product_brand?post=704"},{"taxonomy":"product_cat","embeddable":true,"href":"https:\/\/silk-pajamas.com\/pt\/wp-json\/wp\/v2\/product_cat?post=704"},{"taxonomy":"product_tag","embeddable":true,"href":"https:\/\/silk-pajamas.com\/pt\/wp-json\/wp\/v2\/product_tag?post=704"}],"curies":[{"name":"wp","href":"https:\/\/api.w.org\/{rel}","templated":true}]}}