{"id":705,"date":"2026-04-12T15:43:21","date_gmt":"2026-04-12T15:43:21","guid":{"rendered":"https:\/\/silk-pajamas.com\/22-momme-soft-shine-silk-eye-mask-cooling-ivory\/"},"modified":"2026-05-08T07:03:48","modified_gmt":"2026-05-08T07:03:48","slug":"22-momme-soft-shine-silk-eye-mask-cooling-ivory","status":"publish","type":"product","link":"https:\/\/silk-pajamas.com\/pt\/22-momme-soft-shine-silk-eye-mask-cooling-ivory\/","title":{"rendered":"22 Momme Soft Shine Silk Eye Mask Cooling Ivory"},"content":{"rendered":"<p>Esta m\u00e1scara de dormir almofadada \u00e9 fabricada em seda 22 momme de brilho suave num tom marfim. Tem carater\u00edsticas refrescantes, um toque suave e um drapeado confort\u00e1vel para pessoas com sono leve. O estilo \u00e9 compat\u00edvel com o tamanho \u00fanico e \u00e9 ideal para usar no ver\u00e3o, para oferecer e para o conforto di\u00e1rio. Limpeza \u00e0 vista ou lavagem \u00e0 m\u00e3o a frio.<\/p>","protected":false},"excerpt":{"rendered":"<p>22 M\u00e1scara de dormir almofadada de seda Momme Soft Shine em marfim. Acabamento refrescante, toque respir\u00e1vel e tamanho \u00fanico. Concebido para as pessoas que dormem pouco.<\/p>","protected":false},"featured_media":2162,"template":"","meta":{"_gspb_post_css":""},"product_brand":[],"product_cat":[37],"product_tag":[422,423,424],"class_list":{"0":"post-705","1":"product","2":"type-product","3":"status-publish","4":"has-post-thumbnail","6":"product_cat-silk-eye-masks","7":"product_tag-22-momme-silk-eye-mask-ivory","8":"product_tag-soft-shine-silk-eye-mask-cooling","9":"product_tag-wholesale-silk-eye-mask-for-light-sleepers","11":"first","12":"instock","13":"shipping-taxable","14":"purchasable","15":"product-type-simple"},"_links":{"self":[{"href":"https:\/\/silk-pajamas.com\/pt\/wp-json\/wp\/v2\/product\/705","targetHints":{"allow":["GET"]}}],"collection":[{"href":"https:\/\/silk-pajamas.com\/pt\/wp-json\/wp\/v2\/product"}],"about":[{"href":"https:\/\/silk-pajamas.com\/pt\/wp-json\/wp\/v2\/types\/product"}],"wp:featuredmedia":[{"embeddable":true,"href":"https:\/\/silk-pajamas.com\/pt\/wp-json\/wp\/v2\/media\/2162"}],"wp:attachment":[{"href":"https:\/\/silk-pajamas.com\/pt\/wp-json\/wp\/v2\/media?parent=705"}],"wp:term":[{"taxonomy":"product_brand","embeddable":true,"href":"https:\/\/silk-pajamas.com\/pt\/wp-json\/wp\/v2\/product_brand?post=705"},{"taxonomy":"product_cat","embeddable":true,"href":"https:\/\/silk-pajamas.com\/pt\/wp-json\/wp\/v2\/product_cat?post=705"},{"taxonomy":"product_tag","embeddable":true,"href":"https:\/\/silk-pajamas.com\/pt\/wp-json\/wp\/v2\/product_tag?post=705"}],"curies":[{"name":"wp","href":"https:\/\/api.w.org\/{rel}","templated":true}]}}