{"id":706,"date":"2026-04-12T15:43:21","date_gmt":"2026-04-12T15:43:21","guid":{"rendered":"https:\/\/silk-pajamas.com\/19-momme-double-layer-mulberry-silk-eye-mask-cooling-navy\/"},"modified":"2026-05-08T07:07:08","modified_gmt":"2026-05-08T07:07:08","slug":"19-momme-double-layer-mulberry-silk-eye-mask-cooling-navy","status":"publish","type":"product","link":"https:\/\/silk-pajamas.com\/pt\/19-momme-double-layer-mulberry-silk-eye-mask-cooling-navy\/","title":{"rendered":"19 Momme M\u00e1scara de olhos dupla camada de seda de amoreira Cooling Navy"},"content":{"rendered":"<p>Confeccionada em seda de dupla camada de 19 mm, esta m\u00e1scara de dormir almofadada combina detalhes refrescantes com um brilho suave e um toque respir\u00e1vel. O acabamento em azul-marinho confere-lhe um aspeto requintado, enquanto os tamanhos One Size ajudam a cobrir as principais necessidades. Adequada para pessoas com sono leve e guarda-roupas de outono. Limpeza \u00e0 vista ou lavagem \u00e0 m\u00e3o a frio.<\/p>","protected":false},"excerpt":{"rendered":"<p>19 Momme M\u00e1scara de dormir acolchoada em seda de dupla camada em azul-marinho. Acabamento refrescante, toque resistente \u00e0s rugas e tamanho \u00fanico. Concebida para pessoas com sono ligeiro.<\/p>","protected":false},"featured_media":2165,"template":"","meta":{"_gspb_post_css":""},"product_brand":[],"product_cat":[37],"product_tag":[425,426,424],"class_list":{"0":"post-706","1":"product","2":"type-product","3":"status-publish","4":"has-post-thumbnail","6":"product_cat-silk-eye-masks","7":"product_tag-19-momme-silk-eye-mask-navy","8":"product_tag-double-layer-silk-eye-mask-cooling","9":"product_tag-wholesale-silk-eye-mask-for-light-sleepers","11":"first","12":"instock","13":"shipping-taxable","14":"purchasable","15":"product-type-simple"},"_links":{"self":[{"href":"https:\/\/silk-pajamas.com\/pt\/wp-json\/wp\/v2\/product\/706","targetHints":{"allow":["GET"]}}],"collection":[{"href":"https:\/\/silk-pajamas.com\/pt\/wp-json\/wp\/v2\/product"}],"about":[{"href":"https:\/\/silk-pajamas.com\/pt\/wp-json\/wp\/v2\/types\/product"}],"wp:featuredmedia":[{"embeddable":true,"href":"https:\/\/silk-pajamas.com\/pt\/wp-json\/wp\/v2\/media\/2165"}],"wp:attachment":[{"href":"https:\/\/silk-pajamas.com\/pt\/wp-json\/wp\/v2\/media?parent=706"}],"wp:term":[{"taxonomy":"product_brand","embeddable":true,"href":"https:\/\/silk-pajamas.com\/pt\/wp-json\/wp\/v2\/product_brand?post=706"},{"taxonomy":"product_cat","embeddable":true,"href":"https:\/\/silk-pajamas.com\/pt\/wp-json\/wp\/v2\/product_cat?post=706"},{"taxonomy":"product_tag","embeddable":true,"href":"https:\/\/silk-pajamas.com\/pt\/wp-json\/wp\/v2\/product_tag?post=706"}],"curies":[{"name":"wp","href":"https:\/\/api.w.org\/{rel}","templated":true}]}}