{"id":707,"date":"2026-04-12T15:43:21","date_gmt":"2026-04-12T15:43:21","guid":{"rendered":"https:\/\/silk-pajamas.com\/22-momme-charmeuse-mulberry-silk-eye-mask-cooling-lilac\/"},"modified":"2026-05-08T07:08:49","modified_gmt":"2026-05-08T07:08:49","slug":"22-momme-charmeuse-mulberry-silk-eye-mask-cooling-lilac","status":"publish","type":"product","link":"https:\/\/silk-pajamas.com\/pt\/22-momme-charmeuse-mulberry-silk-eye-mask-cooling-lilac\/","title":{"rendered":"22 M\u00e1scara de olhos Momme Charmeuse Mulberry Silk Cooling Lilac"},"content":{"rendered":"<p>Esta m\u00e1scara de dormir almofadada \u00e9 feita de seda 22 momme charmeuse num tom lil\u00e1s. Tem carater\u00edsticas refrescantes, um toque suave e um drapeado confort\u00e1vel para pessoas com sono leve. O estilo \u00e9 compat\u00edvel com o tamanho \u00fanico e funciona bem para todas as esta\u00e7\u00f5es, para oferecer e para o conforto di\u00e1rio. Limpeza \u00e0 vista ou lavagem \u00e0 m\u00e3o a frio.<\/p>","protected":false},"excerpt":{"rendered":"<p>22 M\u00e1scara de dormir acolchoada em seda Momme Charmeuse em lil\u00e1s. Acabamento refrescante, toque termo-regulador e tamanho \u00fanico. Concebido para os praticantes de sono ligeiro.<\/p>","protected":false},"featured_media":2168,"template":"","meta":{"_gspb_post_css":""},"product_brand":[],"product_cat":[37],"product_tag":[427,408,424],"class_list":{"0":"post-707","1":"product","2":"type-product","3":"status-publish","4":"has-post-thumbnail","6":"product_cat-silk-eye-masks","7":"product_tag-22-momme-silk-eye-mask-lilac","8":"product_tag-charmeuse-silk-eye-mask-cooling","9":"product_tag-wholesale-silk-eye-mask-for-light-sleepers","11":"first","12":"instock","13":"featured","14":"shipping-taxable","15":"purchasable","16":"product-type-simple"},"_links":{"self":[{"href":"https:\/\/silk-pajamas.com\/pt\/wp-json\/wp\/v2\/product\/707","targetHints":{"allow":["GET"]}}],"collection":[{"href":"https:\/\/silk-pajamas.com\/pt\/wp-json\/wp\/v2\/product"}],"about":[{"href":"https:\/\/silk-pajamas.com\/pt\/wp-json\/wp\/v2\/types\/product"}],"wp:featuredmedia":[{"embeddable":true,"href":"https:\/\/silk-pajamas.com\/pt\/wp-json\/wp\/v2\/media\/2168"}],"wp:attachment":[{"href":"https:\/\/silk-pajamas.com\/pt\/wp-json\/wp\/v2\/media?parent=707"}],"wp:term":[{"taxonomy":"product_brand","embeddable":true,"href":"https:\/\/silk-pajamas.com\/pt\/wp-json\/wp\/v2\/product_brand?post=707"},{"taxonomy":"product_cat","embeddable":true,"href":"https:\/\/silk-pajamas.com\/pt\/wp-json\/wp\/v2\/product_cat?post=707"},{"taxonomy":"product_tag","embeddable":true,"href":"https:\/\/silk-pajamas.com\/pt\/wp-json\/wp\/v2\/product_tag?post=707"}],"curies":[{"name":"wp","href":"https:\/\/api.w.org\/{rel}","templated":true}]}}