{"id":708,"date":"2026-04-12T15:43:21","date_gmt":"2026-04-12T15:43:21","guid":{"rendered":"https:\/\/silk-pajamas.com\/25-momme-charmeuse-silk-eye-mask-elastic-strap-coffee\/"},"modified":"2026-05-08T07:21:45","modified_gmt":"2026-05-08T07:21:45","slug":"25-momme-charmeuse-silk-eye-mask-elastic-strap-coffee","status":"publish","type":"product","link":"https:\/\/silk-pajamas.com\/pt\/25-momme-charmeuse-silk-eye-mask-elastic-strap-coffee\/","title":{"rendered":"25 Momme Charmeuse Silk Eye Mask Elastic Strap Coffee"},"content":{"rendered":"<p>Confeccionada em seda momme charmeuse 25, esta m\u00e1scara de dormir almofadada combina o pormenor da tira el\u00e1stica com um brilho suave e um toque respir\u00e1vel. O acabamento em caf\u00e9 confere-lhe um aspeto requintado, enquanto os tamanhos One Size ajudam a cobrir as necessidades b\u00e1sicas. Adequada para programas de spa e guarda-roupas de primavera. Limpeza \u00e0 vista ou lavagem \u00e0 m\u00e3o a frio.<\/p>","protected":false},"excerpt":{"rendered":"<p>25 M\u00e1scara de dormir acolchoada de seda Momme Charmeuse em Caf\u00e9. Acabamento com fita el\u00e1stica, toque leve e tamanho \u00fanico. Concebida para programas de spa.<\/p>","protected":false},"featured_media":2171,"template":"","meta":{"_gspb_post_css":""},"product_brand":[],"product_cat":[37],"product_tag":[410,428,429],"class_list":{"0":"post-708","1":"product","2":"type-product","3":"status-publish","4":"has-post-thumbnail","6":"product_cat-silk-eye-masks","7":"product_tag-25-momme-silk-eye-mask-coffee","8":"product_tag-charmeuse-silk-eye-mask-elastic-strap","9":"product_tag-factory-silk-eye-mask-for-spa-programs","11":"first","12":"instock","13":"shipping-taxable","14":"purchasable","15":"product-type-simple"},"_links":{"self":[{"href":"https:\/\/silk-pajamas.com\/pt\/wp-json\/wp\/v2\/product\/708","targetHints":{"allow":["GET"]}}],"collection":[{"href":"https:\/\/silk-pajamas.com\/pt\/wp-json\/wp\/v2\/product"}],"about":[{"href":"https:\/\/silk-pajamas.com\/pt\/wp-json\/wp\/v2\/types\/product"}],"wp:featuredmedia":[{"embeddable":true,"href":"https:\/\/silk-pajamas.com\/pt\/wp-json\/wp\/v2\/media\/2171"}],"wp:attachment":[{"href":"https:\/\/silk-pajamas.com\/pt\/wp-json\/wp\/v2\/media?parent=708"}],"wp:term":[{"taxonomy":"product_brand","embeddable":true,"href":"https:\/\/silk-pajamas.com\/pt\/wp-json\/wp\/v2\/product_brand?post=708"},{"taxonomy":"product_cat","embeddable":true,"href":"https:\/\/silk-pajamas.com\/pt\/wp-json\/wp\/v2\/product_cat?post=708"},{"taxonomy":"product_tag","embeddable":true,"href":"https:\/\/silk-pajamas.com\/pt\/wp-json\/wp\/v2\/product_tag?post=708"}],"curies":[{"name":"wp","href":"https:\/\/api.w.org\/{rel}","templated":true}]}}