{"id":710,"date":"2026-04-12T15:43:21","date_gmt":"2026-04-12T15:43:21","guid":{"rendered":"https:\/\/silk-pajamas.com\/19-momme-charmeuse-silk-eye-mask-travel-lilac-vendor\/"},"modified":"2026-05-08T07:24:02","modified_gmt":"2026-05-08T07:24:02","slug":"19-momme-charmeuse-silk-eye-mask-travel-lilac-vendor","status":"publish","type":"product","link":"https:\/\/silk-pajamas.com\/pt\/19-momme-charmeuse-silk-eye-mask-travel-lilac-vendor\/","title":{"rendered":"19 Momme Charmeuse Silk Eye Mask Travel Lilac Vendor"},"content":{"rendered":"<p>Fabricada com seda momme charmeuse 19, esta m\u00e1scara de dormir almofadada oferece um drapeado suave, uma sensa\u00e7\u00e3o de pele delicada e um movimento elegante. A constru\u00e7\u00e3o de viagem e a cor lil\u00e1s mant\u00eam o visual polido para conjuntos de presentes. Dispon\u00edvel em tamanho \u00fanico. Limpeza \u00e0 vista ou lavagem \u00e0 m\u00e3o a frio.<\/p>","protected":false},"excerpt":{"rendered":"<p>19 M\u00e1scara de dormir almofadada em seda Momme Charmeuse em Lil\u00e1s. Acabamento de viagem, toque suave e tamanho \u00fanico. Concebida para conjuntos de oferta.<\/p>","protected":false},"featured_media":2169,"template":"","meta":{"_gspb_post_css":""},"product_brand":[],"product_cat":[37],"product_tag":[431,432,433],"class_list":{"0":"post-710","1":"product","2":"type-product","3":"status-publish","4":"has-post-thumbnail","6":"product_cat-silk-eye-masks","7":"product_tag-19-momme-silk-eye-mask-lilac","8":"product_tag-charmeuse-silk-eye-mask-travel","9":"product_tag-wholesale-silk-eye-mask-for-gift-assortments","11":"first","12":"instock","13":"shipping-taxable","14":"purchasable","15":"product-type-simple"},"_links":{"self":[{"href":"https:\/\/silk-pajamas.com\/pt\/wp-json\/wp\/v2\/product\/710","targetHints":{"allow":["GET"]}}],"collection":[{"href":"https:\/\/silk-pajamas.com\/pt\/wp-json\/wp\/v2\/product"}],"about":[{"href":"https:\/\/silk-pajamas.com\/pt\/wp-json\/wp\/v2\/types\/product"}],"wp:featuredmedia":[{"embeddable":true,"href":"https:\/\/silk-pajamas.com\/pt\/wp-json\/wp\/v2\/media\/2169"}],"wp:attachment":[{"href":"https:\/\/silk-pajamas.com\/pt\/wp-json\/wp\/v2\/media?parent=710"}],"wp:term":[{"taxonomy":"product_brand","embeddable":true,"href":"https:\/\/silk-pajamas.com\/pt\/wp-json\/wp\/v2\/product_brand?post=710"},{"taxonomy":"product_cat","embeddable":true,"href":"https:\/\/silk-pajamas.com\/pt\/wp-json\/wp\/v2\/product_cat?post=710"},{"taxonomy":"product_tag","embeddable":true,"href":"https:\/\/silk-pajamas.com\/pt\/wp-json\/wp\/v2\/product_tag?post=710"}],"curies":[{"name":"wp","href":"https:\/\/api.w.org\/{rel}","templated":true}]}}