{"id":712,"date":"2026-04-12T15:43:22","date_gmt":"2026-04-12T15:43:22","guid":{"rendered":"https:\/\/silk-pajamas.com\/25-momme-double-layer-silk-eye-mask-travel-silver\/"},"modified":"2026-05-08T06:45:09","modified_gmt":"2026-05-08T06:45:09","slug":"25-momme-double-layer-silk-eye-mask-travel-silver","status":"publish","type":"product","link":"https:\/\/silk-pajamas.com\/pt\/25-momme-double-layer-silk-eye-mask-travel-silver\/","title":{"rendered":"25 Momme Double Layer Silk Eye Mask Travel Silver"},"content":{"rendered":"<p>Confeccionada em seda de dupla camada de 25 mm, esta m\u00e1scara de dormir almofadada combina detalhes de viagem com um brilho suave e um toque respir\u00e1vel. O acabamento prateado confere-lhe um aspeto requintado, enquanto os tamanhos One Size ajudam a cobrir as principais necessidades. Adequada para pessoas com sono leve e guarda-roupas de outono. Limpeza \u00e0 vista ou lavagem \u00e0 m\u00e3o a frio.<\/p>","protected":false},"excerpt":{"rendered":"<p>25 Momme M\u00e1scara de dormir almofadada de seda Double Layer em prateado. Acabamento de viagem, toque suave e tamanho \u00fanico. Concebida para pessoas com sono ligeiro.<\/p>","protected":false},"featured_media":2144,"template":"","meta":{"_gspb_post_css":""},"product_brand":[],"product_cat":[37],"product_tag":[435,406,424],"class_list":{"0":"post-712","1":"product","2":"type-product","3":"status-publish","4":"has-post-thumbnail","6":"product_cat-silk-eye-masks","7":"product_tag-25-momme-silk-eye-mask-silver","8":"product_tag-double-layer-silk-eye-mask-travel","9":"product_tag-wholesale-silk-eye-mask-for-light-sleepers","11":"first","12":"instock","13":"featured","14":"shipping-taxable","15":"purchasable","16":"product-type-simple"},"_links":{"self":[{"href":"https:\/\/silk-pajamas.com\/pt\/wp-json\/wp\/v2\/product\/712","targetHints":{"allow":["GET"]}}],"collection":[{"href":"https:\/\/silk-pajamas.com\/pt\/wp-json\/wp\/v2\/product"}],"about":[{"href":"https:\/\/silk-pajamas.com\/pt\/wp-json\/wp\/v2\/types\/product"}],"wp:featuredmedia":[{"embeddable":true,"href":"https:\/\/silk-pajamas.com\/pt\/wp-json\/wp\/v2\/media\/2144"}],"wp:attachment":[{"href":"https:\/\/silk-pajamas.com\/pt\/wp-json\/wp\/v2\/media?parent=712"}],"wp:term":[{"taxonomy":"product_brand","embeddable":true,"href":"https:\/\/silk-pajamas.com\/pt\/wp-json\/wp\/v2\/product_brand?post=712"},{"taxonomy":"product_cat","embeddable":true,"href":"https:\/\/silk-pajamas.com\/pt\/wp-json\/wp\/v2\/product_cat?post=712"},{"taxonomy":"product_tag","embeddable":true,"href":"https:\/\/silk-pajamas.com\/pt\/wp-json\/wp\/v2\/product_tag?post=712"}],"curies":[{"name":"wp","href":"https:\/\/api.w.org\/{rel}","templated":true}]}}