{"id":713,"date":"2026-04-12T15:43:22","date_gmt":"2026-04-12T15:43:22","guid":{"rendered":"https:\/\/silk-pajamas.com\/19-momme-soft-shine-silk-eye-mask-elastic-strap-sky-blue\/"},"modified":"2026-05-08T06:49:58","modified_gmt":"2026-05-08T06:49:58","slug":"19-momme-soft-shine-silk-eye-mask-elastic-strap-sky-blue","status":"publish","type":"product","link":"https:\/\/silk-pajamas.com\/pt\/19-momme-soft-shine-silk-eye-mask-elastic-strap-sky-blue\/","title":{"rendered":"19 Momme M\u00e1scara de olhos de seda com brilho suave Correia el\u00e1stica Azul celeste"},"content":{"rendered":"<p>Confeccionada em seda de 19 mm de brilho suave, esta m\u00e1scara de dormir almofadada combina o pormenor da tira el\u00e1stica com um brilho suave e um toque respir\u00e1vel. O acabamento em azul celeste confere-lhe um aspeto requintado, enquanto o tamanho \u00fanico ajuda a cobrir as necessidades b\u00e1sicas. Adequada para conjuntos de oferta e guarda-roupas de ver\u00e3o. Limpeza \u00e0 vista ou lavagem \u00e0 m\u00e3o a frio.<\/p>","protected":false},"excerpt":{"rendered":"<p>19 M\u00e1scara de dormir almofadada de seda Momme Soft Shine em azul celeste. Acabamento com tira el\u00e1stica, toque suave e tamanho \u00fanico. Concebida para os conjuntos de oferta.<\/p>","protected":false},"featured_media":2150,"template":"","meta":{"_gspb_post_css":""},"product_brand":[],"product_cat":[37],"product_tag":[436,438,437],"class_list":{"0":"post-713","1":"product","2":"type-product","3":"status-publish","4":"has-post-thumbnail","6":"product_cat-silk-eye-masks","7":"product_tag-19-momme-silk-eye-mask-sky-blue","8":"product_tag-factory-silk-eye-mask-for-gift-assortments","9":"product_tag-soft-shine-silk-eye-mask-elastic-strap","11":"first","12":"instock","13":"shipping-taxable","14":"purchasable","15":"product-type-simple"},"_links":{"self":[{"href":"https:\/\/silk-pajamas.com\/pt\/wp-json\/wp\/v2\/product\/713","targetHints":{"allow":["GET"]}}],"collection":[{"href":"https:\/\/silk-pajamas.com\/pt\/wp-json\/wp\/v2\/product"}],"about":[{"href":"https:\/\/silk-pajamas.com\/pt\/wp-json\/wp\/v2\/types\/product"}],"wp:featuredmedia":[{"embeddable":true,"href":"https:\/\/silk-pajamas.com\/pt\/wp-json\/wp\/v2\/media\/2150"}],"wp:attachment":[{"href":"https:\/\/silk-pajamas.com\/pt\/wp-json\/wp\/v2\/media?parent=713"}],"wp:term":[{"taxonomy":"product_brand","embeddable":true,"href":"https:\/\/silk-pajamas.com\/pt\/wp-json\/wp\/v2\/product_brand?post=713"},{"taxonomy":"product_cat","embeddable":true,"href":"https:\/\/silk-pajamas.com\/pt\/wp-json\/wp\/v2\/product_cat?post=713"},{"taxonomy":"product_tag","embeddable":true,"href":"https:\/\/silk-pajamas.com\/pt\/wp-json\/wp\/v2\/product_tag?post=713"}],"curies":[{"name":"wp","href":"https:\/\/api.w.org\/{rel}","templated":true}]}}