{"id":718,"date":"2026-04-12T15:43:22","date_gmt":"2026-04-12T15:43:22","guid":{"rendered":"https:\/\/silk-pajamas.com\/19-momme-double-layer-silk-hair-wrap-button-loop-floral\/"},"modified":"2026-05-08T06:54:58","modified_gmt":"2026-05-08T06:54:58","slug":"19-momme-double-layer-silk-hair-wrap-button-loop-floral","status":"publish","type":"product","link":"https:\/\/silk-pajamas.com\/pt\/19-momme-double-layer-silk-hair-wrap-button-loop-floral\/","title":{"rendered":"19 Momme Fita de seda de dupla camada para o cabelo com bot\u00e3o de press\u00e3o Floral"},"content":{"rendered":"<p>Esta toalha para enrolar o cabelo \u00e9 feita de seda de dupla camada de 19 momme num tom floral. Possui um la\u00e7o de bot\u00f5es, um toque suave e um drapeado confort\u00e1vel para cuidar de cabelos compridos. O estilo suporta tamanhos de tamanho \u00fanico e funciona bem para todas as esta\u00e7\u00f5es, para presentear e para o conforto di\u00e1rio. Lavar \u00e0 m\u00e3o a frio e secar em linha.<\/p>","protected":false},"excerpt":{"rendered":"<p>19 Momme Toalha dupla camada de seda para enrolar o cabelo em Floral. Acabamento com la\u00e7o de bot\u00e3o, toque suave e tamanho \u00fanico. Concebida para o cuidado de cabelos compridos.<\/p>","protected":false},"featured_media":2066,"template":"","meta":{"_gspb_post_css":""},"product_brand":[],"product_cat":[38],"product_tag":[448,449,450],"class_list":{"0":"post-718","1":"product","2":"type-product","3":"status-publish","4":"has-post-thumbnail","6":"product_cat-silk-hair-towel-wrap","7":"product_tag-19-momme-silk-hair-towel-wrap-floral","8":"product_tag-double-layer-silk-hair-towel-wrap-button-loop","9":"product_tag-wholesale-silk-hair-towel-wrap-for-long-hair-care","11":"first","12":"instock","13":"shipping-taxable","14":"purchasable","15":"product-type-simple"},"_links":{"self":[{"href":"https:\/\/silk-pajamas.com\/pt\/wp-json\/wp\/v2\/product\/718","targetHints":{"allow":["GET"]}}],"collection":[{"href":"https:\/\/silk-pajamas.com\/pt\/wp-json\/wp\/v2\/product"}],"about":[{"href":"https:\/\/silk-pajamas.com\/pt\/wp-json\/wp\/v2\/types\/product"}],"wp:featuredmedia":[{"embeddable":true,"href":"https:\/\/silk-pajamas.com\/pt\/wp-json\/wp\/v2\/media\/2066"}],"wp:attachment":[{"href":"https:\/\/silk-pajamas.com\/pt\/wp-json\/wp\/v2\/media?parent=718"}],"wp:term":[{"taxonomy":"product_brand","embeddable":true,"href":"https:\/\/silk-pajamas.com\/pt\/wp-json\/wp\/v2\/product_brand?post=718"},{"taxonomy":"product_cat","embeddable":true,"href":"https:\/\/silk-pajamas.com\/pt\/wp-json\/wp\/v2\/product_cat?post=718"},{"taxonomy":"product_tag","embeddable":true,"href":"https:\/\/silk-pajamas.com\/pt\/wp-json\/wp\/v2\/product_tag?post=718"}],"curies":[{"name":"wp","href":"https:\/\/api.w.org\/{rel}","templated":true}]}}