{"id":723,"date":"2026-04-12T15:43:22","date_gmt":"2026-04-12T15:43:22","guid":{"rendered":"https:\/\/silk-pajamas.com\/25-momme-soft-shine-silk-hair-towel-wrap-turban-floral\/"},"modified":"2026-05-08T06:59:03","modified_gmt":"2026-05-08T06:59:03","slug":"25-momme-soft-shine-silk-hair-towel-wrap-turban-floral","status":"publish","type":"product","link":"https:\/\/silk-pajamas.com\/pt\/25-momme-soft-shine-silk-hair-towel-wrap-turban-floral\/","title":{"rendered":"25 Momme Toalha de cabelo de seda com brilho suave Turbante floral"},"content":{"rendered":"<p>Esta toalha para enrolar o cabelo \u00e9 feita de seda de brilho suave de 25 mommes num tom floral. Apresenta um turbante, um toque suave e um drapeado confort\u00e1vel para o cuidado do cabelo encaracolado. O estilo suporta tamanhos de tamanho \u00fanico e funciona bem para usar no outono, para oferecer e para o conforto di\u00e1rio. Lavar \u00e0 m\u00e3o a frio e secar em linha.<\/p>","protected":false},"excerpt":{"rendered":"<p>25 Toalha de seda Momme Soft Shine para enrolar o cabelo em Floral. Acabamento em turbante, toque termo-regulador e tamanho \u00fanico. Concebida para o cuidado do cabelo encaracolado.<\/p>","protected":false},"featured_media":2156,"template":"","meta":{"_gspb_post_css":""},"product_brand":[],"product_cat":[38],"product_tag":[462,464,463],"class_list":{"0":"post-723","1":"product","2":"type-product","3":"status-publish","4":"has-post-thumbnail","6":"product_cat-silk-hair-towel-wrap","7":"product_tag-25-momme-silk-hair-towel-wrap-floral","8":"product_tag-factory-silk-hair-towel-wrap-for-curly-hair-care","9":"product_tag-soft-shine-silk-hair-towel-wrap-turban","11":"first","12":"instock","13":"shipping-taxable","14":"purchasable","15":"product-type-simple"},"_links":{"self":[{"href":"https:\/\/silk-pajamas.com\/pt\/wp-json\/wp\/v2\/product\/723","targetHints":{"allow":["GET"]}}],"collection":[{"href":"https:\/\/silk-pajamas.com\/pt\/wp-json\/wp\/v2\/product"}],"about":[{"href":"https:\/\/silk-pajamas.com\/pt\/wp-json\/wp\/v2\/types\/product"}],"wp:featuredmedia":[{"embeddable":true,"href":"https:\/\/silk-pajamas.com\/pt\/wp-json\/wp\/v2\/media\/2156"}],"wp:attachment":[{"href":"https:\/\/silk-pajamas.com\/pt\/wp-json\/wp\/v2\/media?parent=723"}],"wp:term":[{"taxonomy":"product_brand","embeddable":true,"href":"https:\/\/silk-pajamas.com\/pt\/wp-json\/wp\/v2\/product_brand?post=723"},{"taxonomy":"product_cat","embeddable":true,"href":"https:\/\/silk-pajamas.com\/pt\/wp-json\/wp\/v2\/product_cat?post=723"},{"taxonomy":"product_tag","embeddable":true,"href":"https:\/\/silk-pajamas.com\/pt\/wp-json\/wp\/v2\/product_tag?post=723"}],"curies":[{"name":"wp","href":"https:\/\/api.w.org\/{rel}","templated":true}]}}