{"id":724,"date":"2026-04-12T15:43:23","date_gmt":"2026-04-12T15:43:23","guid":{"rendered":"https:\/\/silk-pajamas.com\/25-momme-double-layer-silk-hair-towel-wrap-one-size-floral\/"},"modified":"2026-05-08T06:11:21","modified_gmt":"2026-05-08T06:11:21","slug":"25-momme-double-layer-silk-hair-towel-wrap-one-size-floral","status":"publish","type":"product","link":"https:\/\/silk-pajamas.com\/pt\/25-momme-double-layer-silk-hair-towel-wrap-one-size-floral\/","title":{"rendered":"25 Momme Toalha de seda para o cabelo, dupla camada, tamanho \u00fanico, floral"},"content":{"rendered":"<p>Esta toalha para enrolar o cabelo \u00e9 fabricada em seda de dupla camada de 25 momme num tom floral. Apresenta uma frente torcida, um toque suave e um drapeado confort\u00e1vel para cuidar de cabelos compridos. O estilo suporta tamanhos de tamanho \u00fanico e funciona bem para usar no ver\u00e3o, para oferecer e para o conforto di\u00e1rio. Lavar \u00e0 m\u00e3o a frio e secar em linha.<\/p>","protected":false},"excerpt":{"rendered":"<p>25 Momme Toalha dupla camada de seda para enrolar o cabelo em Floral. Acabamento Twist Front, toque termo-regulador e tamanho \u00fanico. Concebida para o cuidado dos cabelos compridos.<\/p>","protected":false},"featured_media":2068,"template":"","meta":{"_gspb_post_css":""},"product_brand":[],"product_cat":[38],"product_tag":[462,465,466],"class_list":{"0":"post-724","1":"product","2":"type-product","3":"status-publish","4":"has-post-thumbnail","6":"product_cat-silk-hair-towel-wrap","7":"product_tag-25-momme-silk-hair-towel-wrap-floral","8":"product_tag-double-layer-silk-hair-towel-wrap-twist-front","9":"product_tag-manufacturer-silk-hair-towel-wrap-for-long-hair-care","11":"first","12":"instock","13":"shipping-taxable","14":"purchasable","15":"product-type-simple"},"_links":{"self":[{"href":"https:\/\/silk-pajamas.com\/pt\/wp-json\/wp\/v2\/product\/724","targetHints":{"allow":["GET"]}}],"collection":[{"href":"https:\/\/silk-pajamas.com\/pt\/wp-json\/wp\/v2\/product"}],"about":[{"href":"https:\/\/silk-pajamas.com\/pt\/wp-json\/wp\/v2\/types\/product"}],"wp:featuredmedia":[{"embeddable":true,"href":"https:\/\/silk-pajamas.com\/pt\/wp-json\/wp\/v2\/media\/2068"}],"wp:attachment":[{"href":"https:\/\/silk-pajamas.com\/pt\/wp-json\/wp\/v2\/media?parent=724"}],"wp:term":[{"taxonomy":"product_brand","embeddable":true,"href":"https:\/\/silk-pajamas.com\/pt\/wp-json\/wp\/v2\/product_brand?post=724"},{"taxonomy":"product_cat","embeddable":true,"href":"https:\/\/silk-pajamas.com\/pt\/wp-json\/wp\/v2\/product_cat?post=724"},{"taxonomy":"product_tag","embeddable":true,"href":"https:\/\/silk-pajamas.com\/pt\/wp-json\/wp\/v2\/product_tag?post=724"}],"curies":[{"name":"wp","href":"https:\/\/api.w.org\/{rel}","templated":true}]}}