{"id":725,"date":"2026-04-12T15:43:23","date_gmt":"2026-04-12T15:43:23","guid":{"rendered":"https:\/\/silk-pajamas.com\/19-momme-charmeuse-silk-hair-towel-wrap-turban-rose-factory\/"},"modified":"2026-05-08T06:13:12","modified_gmt":"2026-05-08T06:13:12","slug":"19-momme-charmeuse-silk-hair-towel-wrap-turban-rose-factory","status":"publish","type":"product","link":"https:\/\/silk-pajamas.com\/pt\/19-momme-charmeuse-silk-hair-towel-wrap-turban-rose-factory\/","title":{"rendered":"19 Momme Charmeuse Seda Toalha de Cabelo Envolvimento Turbante Rosa F\u00e1brica"},"content":{"rendered":"<p>Fabricada com seda charmeuse 19 momme, esta toalha para enrolar o cabelo oferece um toque suave e respir\u00e1vel na pele e um movimento elegante. A constru\u00e7\u00e3o em turbante e a cor rosa mant\u00eam o look polido para o cuidado do cabelo comprido. Dispon\u00edvel em tamanho \u00fanico. Lavar \u00e0 m\u00e3o a frio e secar em linha.<\/p>","protected":false},"excerpt":{"rendered":"<p>19 Toalha de seda Momme Charmeuse para enrolar o cabelo em rosa. Acabamento em turbante, toque respir\u00e1vel e tamanho \u00fanico. Concebida para o cuidado dos cabelos compridos.<\/p>","protected":false},"featured_media":2072,"template":"","meta":{"_gspb_post_css":""},"product_brand":[],"product_cat":[38],"product_tag":[467,468,450],"class_list":{"0":"post-725","1":"product","2":"type-product","3":"status-publish","4":"has-post-thumbnail","6":"product_cat-silk-hair-towel-wrap","7":"product_tag-19-momme-silk-hair-towel-wrap-rose","8":"product_tag-charmeuse-silk-hair-towel-wrap-turban","9":"product_tag-wholesale-silk-hair-towel-wrap-for-long-hair-care","11":"first","12":"instock","13":"shipping-taxable","14":"purchasable","15":"product-type-simple"},"_links":{"self":[{"href":"https:\/\/silk-pajamas.com\/pt\/wp-json\/wp\/v2\/product\/725","targetHints":{"allow":["GET"]}}],"collection":[{"href":"https:\/\/silk-pajamas.com\/pt\/wp-json\/wp\/v2\/product"}],"about":[{"href":"https:\/\/silk-pajamas.com\/pt\/wp-json\/wp\/v2\/types\/product"}],"wp:featuredmedia":[{"embeddable":true,"href":"https:\/\/silk-pajamas.com\/pt\/wp-json\/wp\/v2\/media\/2072"}],"wp:attachment":[{"href":"https:\/\/silk-pajamas.com\/pt\/wp-json\/wp\/v2\/media?parent=725"}],"wp:term":[{"taxonomy":"product_brand","embeddable":true,"href":"https:\/\/silk-pajamas.com\/pt\/wp-json\/wp\/v2\/product_brand?post=725"},{"taxonomy":"product_cat","embeddable":true,"href":"https:\/\/silk-pajamas.com\/pt\/wp-json\/wp\/v2\/product_cat?post=725"},{"taxonomy":"product_tag","embeddable":true,"href":"https:\/\/silk-pajamas.com\/pt\/wp-json\/wp\/v2\/product_tag?post=725"}],"curies":[{"name":"wp","href":"https:\/\/api.w.org\/{rel}","templated":true}]}}