{"id":726,"date":"2026-04-12T15:43:23","date_gmt":"2026-04-12T15:43:23","guid":{"rendered":"https:\/\/silk-pajamas.com\/19-momme-soft-shine-silk-hair-wrap-button-loop-leopard\/"},"modified":"2026-05-08T06:20:03","modified_gmt":"2026-05-08T06:20:03","slug":"19-momme-soft-shine-silk-hair-wrap-button-loop-leopard","status":"publish","type":"product","link":"https:\/\/silk-pajamas.com\/pt\/19-momme-soft-shine-silk-hair-wrap-button-loop-leopard\/","title":{"rendered":"19 Momme Envolt\u00f3rio de cabelo em seda com brilho suave e la\u00e7o com bot\u00e3o Leopardo"},"content":{"rendered":"<p>Confeccionada em seda de 19 mm de brilho suave, esta toalha para enrolar o cabelo combina o pormenor dos bot\u00f5es com um brilho suave e um toque respir\u00e1vel. O acabamento em leopardo confere-lhe um aspeto requintado, enquanto os tamanhos One Size ajudam a cobrir a procura principal. Adequada para os cuidados di\u00e1rios com o cabelo e para o guarda-roupa de todas as esta\u00e7\u00f5es. Lavar \u00e0 m\u00e3o a frio e secar em linha.<\/p>","protected":false},"excerpt":{"rendered":"<p>19 Momme Soft Shine toalha de seda para enrolar o cabelo em Leopardo. Acabamento com la\u00e7o de bot\u00e3o, toque respir\u00e1vel e tamanho \u00fanico. Concebida para os cuidados di\u00e1rios do cabelo.<\/p>","protected":false},"featured_media":2078,"template":"","meta":{"_gspb_post_css":""},"product_brand":[],"product_cat":[38],"product_tag":[469,444,470],"class_list":{"0":"post-726","1":"product","2":"type-product","3":"status-publish","4":"has-post-thumbnail","6":"product_cat-silk-hair-towel-wrap","7":"product_tag-19-momme-silk-hair-towel-wrap-leopard","8":"product_tag-manufacturer-silk-hair-towel-wrap-for-daily-hair-care","9":"product_tag-soft-shine-silk-hair-towel-wrap-button-loop","11":"first","12":"instock","13":"featured","14":"shipping-taxable","15":"purchasable","16":"product-type-simple"},"_links":{"self":[{"href":"https:\/\/silk-pajamas.com\/pt\/wp-json\/wp\/v2\/product\/726","targetHints":{"allow":["GET"]}}],"collection":[{"href":"https:\/\/silk-pajamas.com\/pt\/wp-json\/wp\/v2\/product"}],"about":[{"href":"https:\/\/silk-pajamas.com\/pt\/wp-json\/wp\/v2\/types\/product"}],"wp:featuredmedia":[{"embeddable":true,"href":"https:\/\/silk-pajamas.com\/pt\/wp-json\/wp\/v2\/media\/2078"}],"wp:attachment":[{"href":"https:\/\/silk-pajamas.com\/pt\/wp-json\/wp\/v2\/media?parent=726"}],"wp:term":[{"taxonomy":"product_brand","embeddable":true,"href":"https:\/\/silk-pajamas.com\/pt\/wp-json\/wp\/v2\/product_brand?post=726"},{"taxonomy":"product_cat","embeddable":true,"href":"https:\/\/silk-pajamas.com\/pt\/wp-json\/wp\/v2\/product_cat?post=726"},{"taxonomy":"product_tag","embeddable":true,"href":"https:\/\/silk-pajamas.com\/pt\/wp-json\/wp\/v2\/product_tag?post=726"}],"curies":[{"name":"wp","href":"https:\/\/api.w.org\/{rel}","templated":true}]}}