{"id":729,"date":"2026-04-12T15:43:23","date_gmt":"2026-04-12T15:43:23","guid":{"rendered":"https:\/\/silk-pajamas.com\/22-momme-soft-shine-silk-hair-wrap-quick-dry-sky-blue\/"},"modified":"2026-05-08T06:26:45","modified_gmt":"2026-05-08T06:26:45","slug":"22-momme-soft-shine-silk-hair-wrap-quick-dry-sky-blue","status":"publish","type":"product","link":"https:\/\/silk-pajamas.com\/pt\/22-momme-soft-shine-silk-hair-wrap-quick-dry-sky-blue\/","title":{"rendered":"22 Momme Envolvimento para cabelo em seda com brilho suave e secagem r\u00e1pida Azul celeste"},"content":{"rendered":"<p>Esta toalha para enrolar o cabelo \u00e9 feita de seda de brilho suave 22 momme num tom azul celeste. Apresenta uma secagem r\u00e1pida, um toque suave e um drapeado confort\u00e1vel para os cuidados di\u00e1rios com o cabelo. O estilo suporta tamanhos de tamanho \u00fanico e funciona bem para todas as esta\u00e7\u00f5es, para presentear e para o conforto di\u00e1rio. Lavagem \u00e0 m\u00e3o a frio e secagem em linha.<\/p>","protected":false},"excerpt":{"rendered":"<p>22 Momme Soft Shine toalha de seda para enrolar o cabelo em azul celeste. Acabamento de secagem r\u00e1pida, toque respir\u00e1vel e tamanho \u00fanico. Concebida para os cuidados di\u00e1rios do cabelo.<\/p>","protected":false},"featured_media":2085,"template":"","meta":{"_gspb_post_css":""},"product_brand":[],"product_cat":[38],"product_tag":[474,475,476],"class_list":{"0":"post-729","1":"product","2":"type-product","3":"status-publish","4":"has-post-thumbnail","6":"product_cat-silk-hair-towel-wrap","7":"product_tag-22-momme-silk-hair-towel-wrap-sky-blue","8":"product_tag-soft-shine-silk-hair-towel-wrap-quick-dry","9":"product_tag-supplier-silk-hair-towel-wrap-for-daily-hair-care","11":"first","12":"instock","13":"shipping-taxable","14":"purchasable","15":"product-type-simple"},"_links":{"self":[{"href":"https:\/\/silk-pajamas.com\/pt\/wp-json\/wp\/v2\/product\/729","targetHints":{"allow":["GET"]}}],"collection":[{"href":"https:\/\/silk-pajamas.com\/pt\/wp-json\/wp\/v2\/product"}],"about":[{"href":"https:\/\/silk-pajamas.com\/pt\/wp-json\/wp\/v2\/types\/product"}],"wp:featuredmedia":[{"embeddable":true,"href":"https:\/\/silk-pajamas.com\/pt\/wp-json\/wp\/v2\/media\/2085"}],"wp:attachment":[{"href":"https:\/\/silk-pajamas.com\/pt\/wp-json\/wp\/v2\/media?parent=729"}],"wp:term":[{"taxonomy":"product_brand","embeddable":true,"href":"https:\/\/silk-pajamas.com\/pt\/wp-json\/wp\/v2\/product_brand?post=729"},{"taxonomy":"product_cat","embeddable":true,"href":"https:\/\/silk-pajamas.com\/pt\/wp-json\/wp\/v2\/product_cat?post=729"},{"taxonomy":"product_tag","embeddable":true,"href":"https:\/\/silk-pajamas.com\/pt\/wp-json\/wp\/v2\/product_tag?post=729"}],"curies":[{"name":"wp","href":"https:\/\/api.w.org\/{rel}","templated":true}]}}