{"id":735,"date":"2026-04-12T15:43:23","date_gmt":"2026-04-12T15:43:23","guid":{"rendered":"https:\/\/silk-pajamas.com\/19-momme-soft-shine-silk-hair-wrap-long-hair-navy-wholesale\/"},"modified":"2026-05-08T06:39:44","modified_gmt":"2026-05-08T06:39:44","slug":"19-momme-soft-shine-silk-hair-wrap-long-hair-navy-wholesale","status":"publish","type":"product","link":"https:\/\/silk-pajamas.com\/pt\/19-momme-soft-shine-silk-hair-wrap-long-hair-navy-wholesale\/","title":{"rendered":"19 Momme Envolvimento de cabelo de seda com brilho suave para cabelos compridos Navy Wholesale"},"content":{"rendered":"<p>Confeccionada em seda de 19 mm de brilho suave, esta toalha para enrolar o cabelo combina detalhes de cabelo comprido com um brilho suave e um toque respir\u00e1vel. O acabamento em azul-marinho confere-lhe um aspeto requintado, enquanto os tamanhos One Size ajudam a cobrir as necessidades b\u00e1sicas. Adequada para o cuidado do cabelo comprido e para o guarda-roupa de ver\u00e3o. Lavar \u00e0 m\u00e3o a frio e secar em linha.<\/p>","protected":false},"excerpt":{"rendered":"<p>19 Momme Soft Shine toalha de seda para enrolar o cabelo em azul-marinho. Acabamento para cabelos compridos, toque resistente \u00e0s rugas e tamanho \u00fanico. Concebida para o cuidado dos cabelos compridos.<\/p>","protected":false},"featured_media":2134,"template":"","meta":{"_gspb_post_css":""},"product_brand":[],"product_cat":[38],"product_tag":[482,483,473],"class_list":{"0":"post-735","1":"product","2":"type-product","3":"status-publish","4":"has-post-thumbnail","6":"product_cat-silk-hair-towel-wrap","7":"product_tag-19-momme-silk-hair-towel-wrap-navy","8":"product_tag-soft-shine-silk-hair-towel-wrap-long-hair","9":"product_tag-supplier-silk-hair-towel-wrap-for-long-hair-care","11":"first","12":"instock","13":"shipping-taxable","14":"purchasable","15":"product-type-simple"},"_links":{"self":[{"href":"https:\/\/silk-pajamas.com\/pt\/wp-json\/wp\/v2\/product\/735","targetHints":{"allow":["GET"]}}],"collection":[{"href":"https:\/\/silk-pajamas.com\/pt\/wp-json\/wp\/v2\/product"}],"about":[{"href":"https:\/\/silk-pajamas.com\/pt\/wp-json\/wp\/v2\/types\/product"}],"wp:featuredmedia":[{"embeddable":true,"href":"https:\/\/silk-pajamas.com\/pt\/wp-json\/wp\/v2\/media\/2134"}],"wp:attachment":[{"href":"https:\/\/silk-pajamas.com\/pt\/wp-json\/wp\/v2\/media?parent=735"}],"wp:term":[{"taxonomy":"product_brand","embeddable":true,"href":"https:\/\/silk-pajamas.com\/pt\/wp-json\/wp\/v2\/product_brand?post=735"},{"taxonomy":"product_cat","embeddable":true,"href":"https:\/\/silk-pajamas.com\/pt\/wp-json\/wp\/v2\/product_cat?post=735"},{"taxonomy":"product_tag","embeddable":true,"href":"https:\/\/silk-pajamas.com\/pt\/wp-json\/wp\/v2\/product_tag?post=735"}],"curies":[{"name":"wp","href":"https:\/\/api.w.org\/{rel}","templated":true}]}}