{"id":738,"date":"2026-04-12T15:43:24","date_gmt":"2026-04-12T15:43:24","guid":{"rendered":"https:\/\/silk-pajamas.com\/19-momme-soft-shine-silk-hair-wrap-quick-dry-leopard\/"},"modified":"2026-05-08T03:47:42","modified_gmt":"2026-05-08T03:47:42","slug":"19-momme-soft-shine-silk-hair-wrap-quick-dry-leopard","status":"publish","type":"product","link":"https:\/\/silk-pajamas.com\/pt\/19-momme-soft-shine-silk-hair-wrap-quick-dry-leopard\/","title":{"rendered":"19 Momme Envolvimento do cabelo em seda com brilho suave e secagem r\u00e1pida Leopardo"},"content":{"rendered":"<p>Confeccionada em seda de 19 mm de brilho suave, esta toalha para enrolar o cabelo combina detalhes de secagem r\u00e1pida com um brilho suave e um toque respir\u00e1vel. O acabamento em leopardo confere-lhe um aspeto requintado, enquanto os tamanhos One Size ajudam a cobrir a procura principal. Adequada para o cuidado do cabelo encaracolado e para o guarda-roupa de todas as esta\u00e7\u00f5es. Lavar \u00e0 m\u00e3o a frio e secar em linha.<\/p>","protected":false},"excerpt":{"rendered":"<p>19 Toalha de seda Momme Soft Shine para enrolar o cabelo em Leopardo. Acabamento de secagem r\u00e1pida, toque resistente \u00e0s rugas e tamanho \u00fanico. Concebida para o cuidado do cabelo encaracolado.<\/p>","protected":false},"featured_media":2046,"template":"","meta":{"_gspb_post_css":""},"product_brand":[],"product_cat":[38],"product_tag":[469,475,461],"class_list":{"0":"post-738","1":"product","2":"type-product","3":"status-publish","4":"has-post-thumbnail","6":"product_cat-silk-hair-towel-wrap","7":"product_tag-19-momme-silk-hair-towel-wrap-leopard","8":"product_tag-soft-shine-silk-hair-towel-wrap-quick-dry","9":"product_tag-supplier-silk-hair-towel-wrap-for-curly-hair-care","11":"first","12":"instock","13":"shipping-taxable","14":"purchasable","15":"product-type-simple"},"_links":{"self":[{"href":"https:\/\/silk-pajamas.com\/pt\/wp-json\/wp\/v2\/product\/738","targetHints":{"allow":["GET"]}}],"collection":[{"href":"https:\/\/silk-pajamas.com\/pt\/wp-json\/wp\/v2\/product"}],"about":[{"href":"https:\/\/silk-pajamas.com\/pt\/wp-json\/wp\/v2\/types\/product"}],"wp:featuredmedia":[{"embeddable":true,"href":"https:\/\/silk-pajamas.com\/pt\/wp-json\/wp\/v2\/media\/2046"}],"wp:attachment":[{"href":"https:\/\/silk-pajamas.com\/pt\/wp-json\/wp\/v2\/media?parent=738"}],"wp:term":[{"taxonomy":"product_brand","embeddable":true,"href":"https:\/\/silk-pajamas.com\/pt\/wp-json\/wp\/v2\/product_brand?post=738"},{"taxonomy":"product_cat","embeddable":true,"href":"https:\/\/silk-pajamas.com\/pt\/wp-json\/wp\/v2\/product_cat?post=738"},{"taxonomy":"product_tag","embeddable":true,"href":"https:\/\/silk-pajamas.com\/pt\/wp-json\/wp\/v2\/product_tag?post=738"}],"curies":[{"name":"wp","href":"https:\/\/api.w.org\/{rel}","templated":true}]}}