{"id":739,"date":"2026-04-12T15:43:24","date_gmt":"2026-04-12T15:43:24","guid":{"rendered":"https:\/\/silk-pajamas.com\/22-momme-mulberry-silk-hair-towel-wrap-long-hair-floral\/"},"modified":"2026-05-08T03:48:07","modified_gmt":"2026-05-08T03:48:07","slug":"22-momme-mulberry-silk-hair-towel-wrap-long-hair-floral","status":"publish","type":"product","link":"https:\/\/silk-pajamas.com\/pt\/22-momme-mulberry-silk-hair-towel-wrap-long-hair-floral\/","title":{"rendered":"22 Momme Mulberry Silk Hair Towel Wrap Long Hair Floral"},"content":{"rendered":"<p>Fabricada com seda de amora 22 momme, esta toalha para enrolar o cabelo oferece um toque leve e suave na pele e um movimento elegante. A constru\u00e7\u00e3o para cabelos compridos e a cor floral mant\u00eam o visual polido para o cuidado de cabelos compridos. Dispon\u00edvel em tamanho \u00fanico. Lavar \u00e0 m\u00e3o a frio e secar em linha.<\/p>","protected":false},"excerpt":{"rendered":"<p>22 Toalha de seda Momme Mulberry para enrolar o cabelo em Floral. Acabamento para cabelos compridos, toque leve e tamanho \u00fanico. Concebida para o cuidado dos cabelos compridos.<\/p>","protected":false},"featured_media":2038,"template":"","meta":{"_gspb_post_css":""},"product_brand":[],"product_cat":[38],"product_tag":[451,466,443],"class_list":{"0":"post-739","1":"product","2":"type-product","3":"status-publish","4":"has-post-thumbnail","6":"product_cat-silk-hair-towel-wrap","7":"product_tag-22-momme-silk-hair-towel-wrap-floral","8":"product_tag-manufacturer-silk-hair-towel-wrap-for-long-hair-care","9":"product_tag-mulberry-silk-hair-towel-wrap-long-hair","11":"first","12":"instock","13":"shipping-taxable","14":"purchasable","15":"product-type-simple"},"_links":{"self":[{"href":"https:\/\/silk-pajamas.com\/pt\/wp-json\/wp\/v2\/product\/739","targetHints":{"allow":["GET"]}}],"collection":[{"href":"https:\/\/silk-pajamas.com\/pt\/wp-json\/wp\/v2\/product"}],"about":[{"href":"https:\/\/silk-pajamas.com\/pt\/wp-json\/wp\/v2\/types\/product"}],"wp:featuredmedia":[{"embeddable":true,"href":"https:\/\/silk-pajamas.com\/pt\/wp-json\/wp\/v2\/media\/2038"}],"wp:attachment":[{"href":"https:\/\/silk-pajamas.com\/pt\/wp-json\/wp\/v2\/media?parent=739"}],"wp:term":[{"taxonomy":"product_brand","embeddable":true,"href":"https:\/\/silk-pajamas.com\/pt\/wp-json\/wp\/v2\/product_brand?post=739"},{"taxonomy":"product_cat","embeddable":true,"href":"https:\/\/silk-pajamas.com\/pt\/wp-json\/wp\/v2\/product_cat?post=739"},{"taxonomy":"product_tag","embeddable":true,"href":"https:\/\/silk-pajamas.com\/pt\/wp-json\/wp\/v2\/product_tag?post=739"}],"curies":[{"name":"wp","href":"https:\/\/api.w.org\/{rel}","templated":true}]}}