{"id":741,"date":"2026-04-12T15:43:24","date_gmt":"2026-04-12T15:43:24","guid":{"rendered":"https:\/\/silk-pajamas.com\/25-momme-soft-shine-mulberry-silk-scarf-oblong-sky-blue\/"},"modified":"2026-04-12T15:43:24","modified_gmt":"2026-04-12T15:43:24","slug":"25-momme-soft-shine-mulberry-silk-scarf-oblong-sky-blue","status":"publish","type":"product","link":"https:\/\/silk-pajamas.com\/pt\/25-momme-soft-shine-mulberry-silk-scarf-oblong-sky-blue\/","title":{"rendered":"25 Len\u00e7o de seda Momme Soft Shine Mulberry Oblong Sky Blue"},"content":{"rendered":"<p>Este len\u00e7o de seda \u00e9 feito de seda de brilho suave de 25 momme num tom azul-celeste. \u00c9 oblongo, tem um toque suave e um drapeado confort\u00e1vel para homem. O estilo suporta tamanhos de 180x65cm e funciona bem para usar no outono, para oferecer e para o conforto di\u00e1rio. Lavar \u00e0 m\u00e3o a frio ou utilizar um ciclo suave.<\/p>","protected":false},"excerpt":{"rendered":"<p>25 Len\u00e7o de seda Momme Soft Shine em azul celeste. Acabamento oblongo, toque termo-regulador e tamanho 180x65cm. Concebido para os homens.<\/p>","protected":false},"featured_media":0,"template":"","meta":{"_gspb_post_css":""},"product_brand":[],"product_cat":[34],"product_tag":[488,489,490],"class_list":{"0":"post-741","1":"product","2":"type-product","3":"status-publish","5":"product_cat-silk-scarves","6":"product_tag-25-momme-silk-scarf-sky-blue","7":"product_tag-soft-shine-silk-scarf-oblong","8":"product_tag-supplier-silk-scarf-for-men","10":"first","11":"instock","12":"featured","13":"shipping-taxable","14":"purchasable","15":"product-type-simple"},"_links":{"self":[{"href":"https:\/\/silk-pajamas.com\/pt\/wp-json\/wp\/v2\/product\/741","targetHints":{"allow":["GET"]}}],"collection":[{"href":"https:\/\/silk-pajamas.com\/pt\/wp-json\/wp\/v2\/product"}],"about":[{"href":"https:\/\/silk-pajamas.com\/pt\/wp-json\/wp\/v2\/types\/product"}],"wp:attachment":[{"href":"https:\/\/silk-pajamas.com\/pt\/wp-json\/wp\/v2\/media?parent=741"}],"wp:term":[{"taxonomy":"product_brand","embeddable":true,"href":"https:\/\/silk-pajamas.com\/pt\/wp-json\/wp\/v2\/product_brand?post=741"},{"taxonomy":"product_cat","embeddable":true,"href":"https:\/\/silk-pajamas.com\/pt\/wp-json\/wp\/v2\/product_cat?post=741"},{"taxonomy":"product_tag","embeddable":true,"href":"https:\/\/silk-pajamas.com\/pt\/wp-json\/wp\/v2\/product_tag?post=741"}],"curies":[{"name":"wp","href":"https:\/\/api.w.org\/{rel}","templated":true}]}}