{"id":744,"date":"2026-04-12T15:43:24","date_gmt":"2026-04-12T15:43:24","guid":{"rendered":"https:\/\/silk-pajamas.com\/25-momme-charmeuse-mulberry-silk-scarf-hand-rolled-pearl\/"},"modified":"2026-05-08T06:09:40","modified_gmt":"2026-05-08T06:09:40","slug":"25-momme-charmeuse-mulberry-silk-scarf-hand-rolled-pearl","status":"publish","type":"product","link":"https:\/\/silk-pajamas.com\/pt\/25-momme-charmeuse-mulberry-silk-scarf-hand-rolled-pearl\/","title":{"rendered":"25 Len\u00e7o de seda Momme Charmeuse Mulberry P\u00e9rola enrolada \u00e0 m\u00e3o"},"content":{"rendered":"<p>Confeccionado em seda momme charmeuse 25, este len\u00e7o de seda combina pormenores enrolados \u00e0 m\u00e3o com um brilho suave e um toque respir\u00e1vel. O acabamento em p\u00e9rola confere-lhe um aspeto requintado, enquanto os tamanhos 65x65cm ajudam a cobrir as principais necessidades. Adequado para utiliza\u00e7\u00e3o em viagens e para os guarda-roupas de outono. Lavar \u00e0 m\u00e3o a frio ou utilizar um ciclo suave.<\/p>","protected":false},"excerpt":{"rendered":"<p>25 Len\u00e7o de seda Momme Charmeuse em p\u00e9rola. Acabamento enrolado \u00e0 m\u00e3o, toque termo-regulador e tamanho 65x65cm. Concebido para utiliza\u00e7\u00e3o em viagem.<\/p>","protected":false},"featured_media":2062,"template":"","meta":{"_gspb_post_css":""},"product_brand":[],"product_cat":[34],"product_tag":[496,497,498],"class_list":{"0":"post-744","1":"product","2":"type-product","3":"status-publish","4":"has-post-thumbnail","6":"product_cat-silk-scarves","7":"product_tag-25-momme-silk-scarf-pearl","8":"product_tag-charmeuse-silk-scarf-hand-rolled","9":"product_tag-factory-silk-scarf-for-travel-use","11":"first","12":"instock","13":"shipping-taxable","14":"purchasable","15":"product-type-simple"},"_links":{"self":[{"href":"https:\/\/silk-pajamas.com\/pt\/wp-json\/wp\/v2\/product\/744","targetHints":{"allow":["GET"]}}],"collection":[{"href":"https:\/\/silk-pajamas.com\/pt\/wp-json\/wp\/v2\/product"}],"about":[{"href":"https:\/\/silk-pajamas.com\/pt\/wp-json\/wp\/v2\/types\/product"}],"wp:featuredmedia":[{"embeddable":true,"href":"https:\/\/silk-pajamas.com\/pt\/wp-json\/wp\/v2\/media\/2062"}],"wp:attachment":[{"href":"https:\/\/silk-pajamas.com\/pt\/wp-json\/wp\/v2\/media?parent=744"}],"wp:term":[{"taxonomy":"product_brand","embeddable":true,"href":"https:\/\/silk-pajamas.com\/pt\/wp-json\/wp\/v2\/product_brand?post=744"},{"taxonomy":"product_cat","embeddable":true,"href":"https:\/\/silk-pajamas.com\/pt\/wp-json\/wp\/v2\/product_cat?post=744"},{"taxonomy":"product_tag","embeddable":true,"href":"https:\/\/silk-pajamas.com\/pt\/wp-json\/wp\/v2\/product_tag?post=744"}],"curies":[{"name":"wp","href":"https:\/\/api.w.org\/{rel}","templated":true}]}}