{"id":748,"date":"2026-04-12T15:43:25","date_gmt":"2026-04-12T15:43:25","guid":{"rendered":"https:\/\/silk-pajamas.com\/22-momme-soft-shine-mulberry-silk-scarf-twilly-sage\/"},"modified":"2026-05-08T03:10:42","modified_gmt":"2026-05-08T03:10:42","slug":"22-momme-soft-shine-mulberry-silk-scarf-twilly-sage","status":"publish","type":"product","link":"https:\/\/silk-pajamas.com\/pt\/22-momme-soft-shine-mulberry-silk-scarf-twilly-sage\/","title":{"rendered":"22 Len\u00e7o de seda de amora Momme Soft Shine Twilly Sage"},"content":{"rendered":"<p>Fabricado com seda de 22 momme de brilho suave, este len\u00e7o de seda oferece um toque leve e suave na pele e um movimento elegante. A constru\u00e7\u00e3o em sarja e a cor s\u00e1lvia mant\u00eam o look polido para homem. Dispon\u00edvel em 180x65cm. Lavar \u00e0 m\u00e3o a frio ou utilizar um ciclo suave.<\/p>","protected":false},"excerpt":{"rendered":"<p>22 Len\u00e7o de seda Momme Soft Shine em seda Sage. Acabamento em twilly, toque leve e tamanho de 180x65cm. Concebido para homem.<\/p>","protected":false},"featured_media":1992,"template":"","meta":{"_gspb_post_css":""},"product_brand":[],"product_cat":[34],"product_tag":[506,508,507],"class_list":{"0":"post-748","1":"product","2":"type-product","3":"status-publish","4":"has-post-thumbnail","6":"product_cat-silk-scarves","7":"product_tag-22-momme-silk-scarf-sage","8":"product_tag-factory-silk-scarf-for-men","9":"product_tag-soft-shine-silk-scarf-twilly","11":"first","12":"instock","13":"shipping-taxable","14":"purchasable","15":"product-type-simple"},"_links":{"self":[{"href":"https:\/\/silk-pajamas.com\/pt\/wp-json\/wp\/v2\/product\/748","targetHints":{"allow":["GET"]}}],"collection":[{"href":"https:\/\/silk-pajamas.com\/pt\/wp-json\/wp\/v2\/product"}],"about":[{"href":"https:\/\/silk-pajamas.com\/pt\/wp-json\/wp\/v2\/types\/product"}],"wp:featuredmedia":[{"embeddable":true,"href":"https:\/\/silk-pajamas.com\/pt\/wp-json\/wp\/v2\/media\/1992"}],"wp:attachment":[{"href":"https:\/\/silk-pajamas.com\/pt\/wp-json\/wp\/v2\/media?parent=748"}],"wp:term":[{"taxonomy":"product_brand","embeddable":true,"href":"https:\/\/silk-pajamas.com\/pt\/wp-json\/wp\/v2\/product_brand?post=748"},{"taxonomy":"product_cat","embeddable":true,"href":"https:\/\/silk-pajamas.com\/pt\/wp-json\/wp\/v2\/product_cat?post=748"},{"taxonomy":"product_tag","embeddable":true,"href":"https:\/\/silk-pajamas.com\/pt\/wp-json\/wp\/v2\/product_tag?post=748"}],"curies":[{"name":"wp","href":"https:\/\/api.w.org\/{rel}","templated":true}]}}