{"id":749,"date":"2026-04-12T15:43:25","date_gmt":"2026-04-12T15:43:25","guid":{"rendered":"https:\/\/silk-pajamas.com\/22-momme-charmeuse-silk-scarf-square-wine-manufacturer\/"},"modified":"2026-05-08T03:13:20","modified_gmt":"2026-05-08T03:13:20","slug":"22-momme-charmeuse-silk-scarf-square-wine-manufacturer","status":"publish","type":"product","link":"https:\/\/silk-pajamas.com\/pt\/22-momme-charmeuse-silk-scarf-square-wine-manufacturer\/","title":{"rendered":"22 Momme Charmeuse Len\u00e7o de Seda Quadrado Vinho Fabricante"},"content":{"rendered":"<p>Este len\u00e7o de seda \u00e9 feito de seda 22 momme charmeuse num tom de vinho. Apresenta um formato quadrado, um toque suave e um drapeado confort\u00e1vel para homem. O estilo suporta tamanhos de 53x53cm e \u00e9 ideal para usar no ver\u00e3o, para oferecer e para o conforto di\u00e1rio. Lavar \u00e0 m\u00e3o a frio ou utilizar um ciclo suave.<\/p>","protected":false},"excerpt":{"rendered":"<p>22 Len\u00e7o de seda Momme Charmeuse em vinho. Acabamento quadrado, toque termo-regulador e tamanho 53x53cm. Concebido para os homens.<\/p>","protected":false},"featured_media":1998,"template":"","meta":{"_gspb_post_css":""},"product_brand":[],"product_cat":[34],"product_tag":[509,510,508],"class_list":{"0":"post-749","1":"product","2":"type-product","3":"status-publish","4":"has-post-thumbnail","6":"product_cat-silk-scarves","7":"product_tag-22-momme-silk-scarf-wine","8":"product_tag-charmeuse-silk-scarf-square","9":"product_tag-factory-silk-scarf-for-men","11":"first","12":"instock","13":"shipping-taxable","14":"purchasable","15":"product-type-simple"},"_links":{"self":[{"href":"https:\/\/silk-pajamas.com\/pt\/wp-json\/wp\/v2\/product\/749","targetHints":{"allow":["GET"]}}],"collection":[{"href":"https:\/\/silk-pajamas.com\/pt\/wp-json\/wp\/v2\/product"}],"about":[{"href":"https:\/\/silk-pajamas.com\/pt\/wp-json\/wp\/v2\/types\/product"}],"wp:featuredmedia":[{"embeddable":true,"href":"https:\/\/silk-pajamas.com\/pt\/wp-json\/wp\/v2\/media\/1998"}],"wp:attachment":[{"href":"https:\/\/silk-pajamas.com\/pt\/wp-json\/wp\/v2\/media?parent=749"}],"wp:term":[{"taxonomy":"product_brand","embeddable":true,"href":"https:\/\/silk-pajamas.com\/pt\/wp-json\/wp\/v2\/product_brand?post=749"},{"taxonomy":"product_cat","embeddable":true,"href":"https:\/\/silk-pajamas.com\/pt\/wp-json\/wp\/v2\/product_cat?post=749"},{"taxonomy":"product_tag","embeddable":true,"href":"https:\/\/silk-pajamas.com\/pt\/wp-json\/wp\/v2\/product_tag?post=749"}],"curies":[{"name":"wp","href":"https:\/\/api.w.org\/{rel}","templated":true}]}}