{"id":750,"date":"2026-04-12T15:43:25","date_gmt":"2026-04-12T15:43:25","guid":{"rendered":"https:\/\/silk-pajamas.com\/25-momme-soft-shine-mulberry-silk-scarf-hand-rolled-blush\/"},"modified":"2026-05-08T03:16:27","modified_gmt":"2026-05-08T03:16:27","slug":"25-momme-soft-shine-mulberry-silk-scarf-hand-rolled-blush","status":"publish","type":"product","link":"https:\/\/silk-pajamas.com\/pt\/25-momme-soft-shine-mulberry-silk-scarf-hand-rolled-blush\/","title":{"rendered":"25 Len\u00e7o de seda Momme Soft Shine Mulberry enrolado \u00e0 m\u00e3o Blush"},"content":{"rendered":"<p>Confeccionado em seda de 25 momme de brilho suave, este len\u00e7o de seda combina pormenores enrolados \u00e0 m\u00e3o com um brilho suave e um toque respir\u00e1vel. O acabamento blush confere-lhe um aspeto requintado, enquanto os tamanhos 65x65cm ajudam a cobrir a procura principal. Adequado para conjuntos de oferta e guarda-roupas de ver\u00e3o. Lavar \u00e0 m\u00e3o a frio ou utilizar um ciclo suave.<\/p>","protected":false},"excerpt":{"rendered":"<p>25 Len\u00e7o de seda Momme Soft Shine em seda Blush. Acabamento enrolado \u00e0 m\u00e3o, toque respir\u00e1vel e tamanho 65x65cm. Concebido para conjuntos de oferta.<\/p>","protected":false},"featured_media":2003,"template":"","meta":{"_gspb_post_css":""},"product_brand":[],"product_cat":[34],"product_tag":[511,513,512],"class_list":{"0":"post-750","1":"product","2":"type-product","3":"status-publish","4":"has-post-thumbnail","6":"product_cat-silk-scarves","7":"product_tag-25-momme-silk-scarf-blush","8":"product_tag-manufacturer-silk-scarf-for-gift-assortments","9":"product_tag-soft-shine-silk-scarf-hand-rolled","11":"first","12":"instock","13":"shipping-taxable","14":"purchasable","15":"product-type-simple"},"_links":{"self":[{"href":"https:\/\/silk-pajamas.com\/pt\/wp-json\/wp\/v2\/product\/750","targetHints":{"allow":["GET"]}}],"collection":[{"href":"https:\/\/silk-pajamas.com\/pt\/wp-json\/wp\/v2\/product"}],"about":[{"href":"https:\/\/silk-pajamas.com\/pt\/wp-json\/wp\/v2\/types\/product"}],"wp:featuredmedia":[{"embeddable":true,"href":"https:\/\/silk-pajamas.com\/pt\/wp-json\/wp\/v2\/media\/2003"}],"wp:attachment":[{"href":"https:\/\/silk-pajamas.com\/pt\/wp-json\/wp\/v2\/media?parent=750"}],"wp:term":[{"taxonomy":"product_brand","embeddable":true,"href":"https:\/\/silk-pajamas.com\/pt\/wp-json\/wp\/v2\/product_brand?post=750"},{"taxonomy":"product_cat","embeddable":true,"href":"https:\/\/silk-pajamas.com\/pt\/wp-json\/wp\/v2\/product_cat?post=750"},{"taxonomy":"product_tag","embeddable":true,"href":"https:\/\/silk-pajamas.com\/pt\/wp-json\/wp\/v2\/product_tag?post=750"}],"curies":[{"name":"wp","href":"https:\/\/api.w.org\/{rel}","templated":true}]}}