{"id":756,"date":"2026-04-12T15:43:25","date_gmt":"2026-04-12T15:43:25","guid":{"rendered":"https:\/\/silk-pajamas.com\/22-momme-mulberry-silk-scarf-double-sided-rose-vendor\/"},"modified":"2026-05-08T03:35:00","modified_gmt":"2026-05-08T03:35:00","slug":"22-momme-mulberry-silk-scarf-double-sided-rose-vendor","status":"publish","type":"product","link":"https:\/\/silk-pajamas.com\/pt\/22-momme-mulberry-silk-scarf-double-sided-rose-vendor\/","title":{"rendered":"22 Len\u00e7o de seda Momme Mulberry Len\u00e7o de seda dupla face rosa Vendedor"},"content":{"rendered":"<p>Confeccionado em seda de amora 22 momme, este len\u00e7o de seda combina o pormenor de dupla face com um brilho suave e um toque respir\u00e1vel. O acabamento em rosa confere-lhe um aspeto requintado, enquanto os tamanhos 180x65cm ajudam a cobrir a procura principal. Adequado para conjuntos de presentes e guarda-roupas de todas as esta\u00e7\u00f5es. Lavar \u00e0 m\u00e3o a frio ou utilizar um ciclo suave.<\/p>","protected":false},"excerpt":{"rendered":"<p>22 Len\u00e7o de seda Momme Mulberry em rosa. Acabamento de dupla face, toque suave e tamanho de 180x65cm. Concebido para conjuntos de oferta.<\/p>","protected":false},"featured_media":2023,"template":"","meta":{"_gspb_post_css":""},"product_brand":[],"product_cat":[34],"product_tag":[526,502,495],"class_list":{"0":"post-756","1":"product","2":"type-product","3":"status-publish","4":"has-post-thumbnail","6":"product_cat-silk-scarves","7":"product_tag-22-momme-silk-scarf-rose","8":"product_tag-mulberry-silk-scarf-double-sided","9":"product_tag-supplier-silk-scarf-for-gift-assortments","11":"first","12":"instock","13":"featured","14":"shipping-taxable","15":"purchasable","16":"product-type-simple"},"_links":{"self":[{"href":"https:\/\/silk-pajamas.com\/pt\/wp-json\/wp\/v2\/product\/756","targetHints":{"allow":["GET"]}}],"collection":[{"href":"https:\/\/silk-pajamas.com\/pt\/wp-json\/wp\/v2\/product"}],"about":[{"href":"https:\/\/silk-pajamas.com\/pt\/wp-json\/wp\/v2\/types\/product"}],"wp:featuredmedia":[{"embeddable":true,"href":"https:\/\/silk-pajamas.com\/pt\/wp-json\/wp\/v2\/media\/2023"}],"wp:attachment":[{"href":"https:\/\/silk-pajamas.com\/pt\/wp-json\/wp\/v2\/media?parent=756"}],"wp:term":[{"taxonomy":"product_brand","embeddable":true,"href":"https:\/\/silk-pajamas.com\/pt\/wp-json\/wp\/v2\/product_brand?post=756"},{"taxonomy":"product_cat","embeddable":true,"href":"https:\/\/silk-pajamas.com\/pt\/wp-json\/wp\/v2\/product_cat?post=756"},{"taxonomy":"product_tag","embeddable":true,"href":"https:\/\/silk-pajamas.com\/pt\/wp-json\/wp\/v2\/product_tag?post=756"}],"curies":[{"name":"wp","href":"https:\/\/api.w.org\/{rel}","templated":true}]}}