{"id":768,"date":"2026-04-12T15:43:26","date_gmt":"2026-04-12T15:43:26","guid":{"rendered":"https:\/\/silk-pajamas.com\/25-momme-double-layer-mulberry-silk-scrunchie-7cm-emerald\/"},"modified":"2026-05-08T02:51:59","modified_gmt":"2026-05-08T02:51:59","slug":"25-momme-double-layer-mulberry-silk-scrunchie-7cm-emerald","status":"publish","type":"product","link":"https:\/\/silk-pajamas.com\/pt\/25-momme-double-layer-mulberry-silk-scrunchie-7cm-emerald\/","title":{"rendered":"25 Momme Fita de seda de amora de dupla camada 7 cm Esmeralda"},"content":{"rendered":"<p>Este el\u00e1stico para o cabelo \u00e9 feito de seda de camada dupla de 25 mm num tom esmeralda. Apresenta um toque suave, sem costuras, e um drapeado confort\u00e1vel para o cuidado do cabelo comprido. O estilo suporta tamanhos de 7 cm e funciona bem para usar na primavera, para oferecer e para o conforto di\u00e1rio. Lavar \u00e0 m\u00e3o com \u00e1gua fria e deixar repousar.<\/p>","protected":false},"excerpt":{"rendered":"<p>25 el\u00e1stico de cabelo em seda Momme Double Layer em Esmeralda. Acabamento sem costuras, toque suave e tamanho de 7 cm. Concebido para o cuidado dos cabelos compridos.<\/p>","protected":false},"featured_media":1958,"template":"","meta":{"_gspb_post_css":""},"product_brand":[],"product_cat":[36],"product_tag":[547,548,549],"class_list":{"0":"post-768","1":"product","2":"type-product","3":"status-publish","4":"has-post-thumbnail","6":"product_cat-silk-scrunchies","7":"product_tag-25-momme-silk-scrunchie-emerald","8":"product_tag-double-layer-silk-scrunchie-seamless","9":"product_tag-factory-silk-scrunchie-for-long-hair-care","11":"first","12":"instock","13":"shipping-taxable","14":"purchasable","15":"product-type-simple"},"_links":{"self":[{"href":"https:\/\/silk-pajamas.com\/pt\/wp-json\/wp\/v2\/product\/768","targetHints":{"allow":["GET"]}}],"collection":[{"href":"https:\/\/silk-pajamas.com\/pt\/wp-json\/wp\/v2\/product"}],"about":[{"href":"https:\/\/silk-pajamas.com\/pt\/wp-json\/wp\/v2\/types\/product"}],"wp:featuredmedia":[{"embeddable":true,"href":"https:\/\/silk-pajamas.com\/pt\/wp-json\/wp\/v2\/media\/1958"}],"wp:attachment":[{"href":"https:\/\/silk-pajamas.com\/pt\/wp-json\/wp\/v2\/media?parent=768"}],"wp:term":[{"taxonomy":"product_brand","embeddable":true,"href":"https:\/\/silk-pajamas.com\/pt\/wp-json\/wp\/v2\/product_brand?post=768"},{"taxonomy":"product_cat","embeddable":true,"href":"https:\/\/silk-pajamas.com\/pt\/wp-json\/wp\/v2\/product_cat?post=768"},{"taxonomy":"product_tag","embeddable":true,"href":"https:\/\/silk-pajamas.com\/pt\/wp-json\/wp\/v2\/product_tag?post=768"}],"curies":[{"name":"wp","href":"https:\/\/api.w.org\/{rel}","templated":true}]}}