{"id":769,"date":"2026-04-12T15:43:26","date_gmt":"2026-04-12T15:43:26","guid":{"rendered":"https:\/\/silk-pajamas.com\/19-momme-soft-shine-silk-scrunchie-oversized-sky-blue\/"},"modified":"2026-05-08T02:53:23","modified_gmt":"2026-05-08T02:53:23","slug":"19-momme-soft-shine-silk-scrunchie-oversized-sky-blue","status":"publish","type":"product","link":"https:\/\/silk-pajamas.com\/pt\/19-momme-soft-shine-silk-scrunchie-oversized-sky-blue\/","title":{"rendered":"19 Momme Soft Shine Silk Scrunchie Oversized Sky Blue"},"content":{"rendered":"<p>Feita com seda de 19 momme de brilho suave, esta fita para o cabelo oferece uma sensa\u00e7\u00e3o de pele suave e respir\u00e1vel e um movimento elegante. A constru\u00e7\u00e3o sobredimensionada e a cor azul-celeste mant\u00eam o visual polido para as mulheres. Dispon\u00edvel em 5 cm. Lavar \u00e0 m\u00e3o com \u00e1gua fria e deixar na horizontal.<\/p>","protected":false},"excerpt":{"rendered":"<p>19 El\u00e1stico de cabelo em seda Momme Soft Shine em azul celeste. Acabamento oversized, toque respir\u00e1vel e tamanho de 5 cm. Concebido para as mulheres.<\/p>","protected":false},"featured_media":1974,"template":"","meta":{"_gspb_post_css":""},"product_brand":[],"product_cat":[36],"product_tag":[550,552,551],"class_list":{"0":"post-769","1":"product","2":"type-product","3":"status-publish","4":"has-post-thumbnail","6":"product_cat-silk-scrunchies","7":"product_tag-19-momme-silk-scrunchie-sky-blue","8":"product_tag-manufacturer-silk-scrunchie-for-women","9":"product_tag-soft-shine-silk-scrunchie-oversized","11":"first","12":"instock","13":"featured","14":"shipping-taxable","15":"purchasable","16":"product-type-simple"},"_links":{"self":[{"href":"https:\/\/silk-pajamas.com\/pt\/wp-json\/wp\/v2\/product\/769","targetHints":{"allow":["GET"]}}],"collection":[{"href":"https:\/\/silk-pajamas.com\/pt\/wp-json\/wp\/v2\/product"}],"about":[{"href":"https:\/\/silk-pajamas.com\/pt\/wp-json\/wp\/v2\/types\/product"}],"wp:featuredmedia":[{"embeddable":true,"href":"https:\/\/silk-pajamas.com\/pt\/wp-json\/wp\/v2\/media\/1974"}],"wp:attachment":[{"href":"https:\/\/silk-pajamas.com\/pt\/wp-json\/wp\/v2\/media?parent=769"}],"wp:term":[{"taxonomy":"product_brand","embeddable":true,"href":"https:\/\/silk-pajamas.com\/pt\/wp-json\/wp\/v2\/product_brand?post=769"},{"taxonomy":"product_cat","embeddable":true,"href":"https:\/\/silk-pajamas.com\/pt\/wp-json\/wp\/v2\/product_cat?post=769"},{"taxonomy":"product_tag","embeddable":true,"href":"https:\/\/silk-pajamas.com\/pt\/wp-json\/wp\/v2\/product_tag?post=769"}],"curies":[{"name":"wp","href":"https:\/\/api.w.org\/{rel}","templated":true}]}}