{"id":770,"date":"2026-04-12T15:43:26","date_gmt":"2026-04-12T15:43:26","guid":{"rendered":"https:\/\/silk-pajamas.com\/22-momme-double-layer-mulberry-silk-scrunchie-one-size-blush\/"},"modified":"2026-05-08T02:57:02","modified_gmt":"2026-05-08T02:57:02","slug":"22-momme-double-layer-mulberry-silk-scrunchie-one-size-blush","status":"publish","type":"product","link":"https:\/\/silk-pajamas.com\/pt\/22-momme-double-layer-mulberry-silk-scrunchie-one-size-blush\/","title":{"rendered":"22 Momme Matraquilho de seda de amora com duas camadas Tamanho \u00fanico Blush"},"content":{"rendered":"<p>Este el\u00e1stico para o cabelo \u00e9 fabricado em seda de camada dupla de 22 mommes num tom de blush. Apresenta um tamanho grande, um toque suave e um drapeado confort\u00e1vel para mulher. O estilo \u00e9 compat\u00edvel com os tamanhos One Size e funciona bem para usar na primavera, oferecer presentes e conforto di\u00e1rio. Lavar \u00e0 m\u00e3o a frio e deixar na horizontal.<\/p>","protected":false},"excerpt":{"rendered":"<p>22 el\u00e1stico de cabelo em seda Momme Double Layer em Blush. Acabamento oversized, toque respir\u00e1vel e tamanho \u00fanico. Concebido para as mulheres.<\/p>","protected":false},"featured_media":1975,"template":"","meta":{"_gspb_post_css":""},"product_brand":[],"product_cat":[36],"product_tag":[553,554,555],"class_list":{"0":"post-770","1":"product","2":"type-product","3":"status-publish","4":"has-post-thumbnail","6":"product_cat-silk-scrunchies","7":"product_tag-22-momme-silk-scrunchie-blush","8":"product_tag-double-layer-silk-scrunchie-oversized","9":"product_tag-vendor-silk-scrunchie-for-women","11":"first","12":"instock","13":"shipping-taxable","14":"purchasable","15":"product-type-simple"},"_links":{"self":[{"href":"https:\/\/silk-pajamas.com\/pt\/wp-json\/wp\/v2\/product\/770","targetHints":{"allow":["GET"]}}],"collection":[{"href":"https:\/\/silk-pajamas.com\/pt\/wp-json\/wp\/v2\/product"}],"about":[{"href":"https:\/\/silk-pajamas.com\/pt\/wp-json\/wp\/v2\/types\/product"}],"wp:featuredmedia":[{"embeddable":true,"href":"https:\/\/silk-pajamas.com\/pt\/wp-json\/wp\/v2\/media\/1975"}],"wp:attachment":[{"href":"https:\/\/silk-pajamas.com\/pt\/wp-json\/wp\/v2\/media?parent=770"}],"wp:term":[{"taxonomy":"product_brand","embeddable":true,"href":"https:\/\/silk-pajamas.com\/pt\/wp-json\/wp\/v2\/product_brand?post=770"},{"taxonomy":"product_cat","embeddable":true,"href":"https:\/\/silk-pajamas.com\/pt\/wp-json\/wp\/v2\/product_cat?post=770"},{"taxonomy":"product_tag","embeddable":true,"href":"https:\/\/silk-pajamas.com\/pt\/wp-json\/wp\/v2\/product_tag?post=770"}],"curies":[{"name":"wp","href":"https:\/\/api.w.org\/{rel}","templated":true}]}}