{"id":772,"date":"2026-04-12T15:43:27","date_gmt":"2026-04-12T15:43:27","guid":{"rendered":"https:\/\/silk-pajamas.com\/25-momme-soft-shine-mulberry-silk-scrunchie-gift-box-navy\/"},"modified":"2026-05-06T08:26:50","modified_gmt":"2026-05-06T08:26:50","slug":"25-momme-soft-shine-mulberry-silk-scrunchie-gift-box-navy","status":"publish","type":"product","link":"https:\/\/silk-pajamas.com\/pt\/25-momme-soft-shine-mulberry-silk-scrunchie-gift-box-navy\/","title":{"rendered":"25 Momme Soft Shine Mulberry Silk Scrunchie Gift Box Navy"},"content":{"rendered":"<p>Fabricado com seda de brilho suave de 25 mm, este el\u00e1stico de cabelo oferece regula\u00e7\u00e3o t\u00e9rmica, toque suave na pele e movimento elegante. A constru\u00e7\u00e3o em caixa de oferta e a cor azul-marinho mant\u00eam o look polido para o cuidado do cabelo comprido. Dispon\u00edvel em 7 cm. Lavar \u00e0 m\u00e3o com \u00e1gua fria e deixar na horizontal.<\/p>","protected":false},"excerpt":{"rendered":"<p>25 El\u00e1stico de cabelo em seda Momme Soft Shine em azul-marinho. Acabamento em caixa de oferta, toque termo-regulador e tamanho de 7 cm. Concebido para o cuidado dos cabelos compridos.<\/p>","protected":false},"featured_media":1911,"template":"","meta":{"_gspb_post_css":""},"product_brand":[],"product_cat":[36],"product_tag":[558,537,559],"class_list":{"0":"post-772","1":"product","2":"type-product","3":"status-publish","4":"has-post-thumbnail","6":"product_cat-silk-scrunchies","7":"product_tag-25-momme-silk-scrunchie-navy","8":"product_tag-soft-shine-silk-scrunchie-gift-box","9":"product_tag-wholesale-silk-scrunchie-for-long-hair-care","11":"first","12":"instock","13":"shipping-taxable","14":"purchasable","15":"product-type-simple"},"_links":{"self":[{"href":"https:\/\/silk-pajamas.com\/pt\/wp-json\/wp\/v2\/product\/772","targetHints":{"allow":["GET"]}}],"collection":[{"href":"https:\/\/silk-pajamas.com\/pt\/wp-json\/wp\/v2\/product"}],"about":[{"href":"https:\/\/silk-pajamas.com\/pt\/wp-json\/wp\/v2\/types\/product"}],"wp:featuredmedia":[{"embeddable":true,"href":"https:\/\/silk-pajamas.com\/pt\/wp-json\/wp\/v2\/media\/1911"}],"wp:attachment":[{"href":"https:\/\/silk-pajamas.com\/pt\/wp-json\/wp\/v2\/media?parent=772"}],"wp:term":[{"taxonomy":"product_brand","embeddable":true,"href":"https:\/\/silk-pajamas.com\/pt\/wp-json\/wp\/v2\/product_brand?post=772"},{"taxonomy":"product_cat","embeddable":true,"href":"https:\/\/silk-pajamas.com\/pt\/wp-json\/wp\/v2\/product_cat?post=772"},{"taxonomy":"product_tag","embeddable":true,"href":"https:\/\/silk-pajamas.com\/pt\/wp-json\/wp\/v2\/product_tag?post=772"}],"curies":[{"name":"wp","href":"https:\/\/api.w.org\/{rel}","templated":true}]}}