{"id":774,"date":"2026-04-12T15:43:27","date_gmt":"2026-04-12T15:43:27","guid":{"rendered":"https:\/\/silk-pajamas.com\/25-momme-double-layer-mulberry-silk-scrunchie-5cm-leopard\/"},"modified":"2026-05-06T08:56:47","modified_gmt":"2026-05-06T08:56:47","slug":"25-momme-double-layer-mulberry-silk-scrunchie-5cm-leopard","status":"publish","type":"product","link":"https:\/\/silk-pajamas.com\/pt\/25-momme-double-layer-mulberry-silk-scrunchie-5cm-leopard\/","title":{"rendered":"25 Momme Matraquilho de seda de amora de dupla camada 5 cm Leopardo"},"content":{"rendered":"<p>Este el\u00e1stico para o cabelo \u00e9 feito de seda de camada dupla de 25 mm num tom de leopardo. Apresenta um n\u00f3 de la\u00e7o, um toque suave e um drapeado confort\u00e1vel para mulher. O estilo suporta tamanhos de 5 cm e \u00e9 ideal para usar no outono, oferecer presentes e conforto di\u00e1rio. Lavar \u00e0 m\u00e3o a frio e deixar na horizontal.<\/p>","protected":false},"excerpt":{"rendered":"<p>25 Matraquilhos de seda Momme Double Layer em Leopardo. Acabamento com n\u00f3 de la\u00e7o, toque resistente \u00e0s rugas e tamanho de 5 cm. Concebido para as mulheres.<\/p>","protected":false},"featured_media":1883,"template":"","meta":{"_gspb_post_css":""},"product_brand":[],"product_cat":[36],"product_tag":[556,562,563],"class_list":{"0":"post-774","1":"product","2":"type-product","3":"status-publish","4":"has-post-thumbnail","6":"product_cat-silk-scrunchies","7":"product_tag-25-momme-silk-scrunchie-leopard","8":"product_tag-double-layer-silk-scrunchie-bowknot","9":"product_tag-wholesale-silk-scrunchie-for-women","11":"first","12":"instock","13":"featured","14":"shipping-taxable","15":"purchasable","16":"product-type-simple"},"_links":{"self":[{"href":"https:\/\/silk-pajamas.com\/pt\/wp-json\/wp\/v2\/product\/774","targetHints":{"allow":["GET"]}}],"collection":[{"href":"https:\/\/silk-pajamas.com\/pt\/wp-json\/wp\/v2\/product"}],"about":[{"href":"https:\/\/silk-pajamas.com\/pt\/wp-json\/wp\/v2\/types\/product"}],"wp:featuredmedia":[{"embeddable":true,"href":"https:\/\/silk-pajamas.com\/pt\/wp-json\/wp\/v2\/media\/1883"}],"wp:attachment":[{"href":"https:\/\/silk-pajamas.com\/pt\/wp-json\/wp\/v2\/media?parent=774"}],"wp:term":[{"taxonomy":"product_brand","embeddable":true,"href":"https:\/\/silk-pajamas.com\/pt\/wp-json\/wp\/v2\/product_brand?post=774"},{"taxonomy":"product_cat","embeddable":true,"href":"https:\/\/silk-pajamas.com\/pt\/wp-json\/wp\/v2\/product_cat?post=774"},{"taxonomy":"product_tag","embeddable":true,"href":"https:\/\/silk-pajamas.com\/pt\/wp-json\/wp\/v2\/product_tag?post=774"}],"curies":[{"name":"wp","href":"https:\/\/api.w.org\/{rel}","templated":true}]}}