{"id":775,"date":"2026-04-12T15:43:27","date_gmt":"2026-04-12T15:43:27","guid":{"rendered":"https:\/\/silk-pajamas.com\/19-momme-mulberry-silk-scrunchie-seamless-silver-vendor\/"},"modified":"2026-05-06T09:10:20","modified_gmt":"2026-05-06T09:10:20","slug":"19-momme-mulberry-silk-scrunchie-seamless-silver-vendor","status":"publish","type":"product","link":"https:\/\/silk-pajamas.com\/pt\/19-momme-mulberry-silk-scrunchie-seamless-silver-vendor\/","title":{"rendered":"19 Momme Mulberry Silk Scrunchie Seamless Silver Vendor"},"content":{"rendered":"<p>Este el\u00e1stico para o cabelo \u00e9 fabricado em seda de amora de 19 momme num tom prateado. Apresenta um toque suave, sem costuras, e um drapeado confort\u00e1vel para os adolescentes. O estilo \u00e9 compat\u00edvel com os tamanhos One Size e funciona bem para usar no outono, para oferecer e para o conforto di\u00e1rio. Lavar \u00e0 m\u00e3o a frio e deixar na horizontal.<\/p>","protected":false},"excerpt":{"rendered":"<p>19 Fita de cabelo em seda Momme Mulberry em prateado. Acabamento sem costuras, toque respir\u00e1vel e tamanho \u00fanico. Concebido para as adolescentes.<\/p>","protected":false},"featured_media":1915,"template":"","meta":{"_gspb_post_css":""},"product_brand":[],"product_cat":[36],"product_tag":[564,565,566],"class_list":{"0":"post-775","1":"product","2":"type-product","3":"status-publish","4":"has-post-thumbnail","6":"product_cat-silk-scrunchies","7":"product_tag-19-momme-silk-scrunchie-silver","8":"product_tag-mulberry-silk-scrunchie-seamless","9":"product_tag-supplier-silk-scrunchie-for-teens","11":"first","12":"instock","13":"shipping-taxable","14":"purchasable","15":"product-type-simple"},"_links":{"self":[{"href":"https:\/\/silk-pajamas.com\/pt\/wp-json\/wp\/v2\/product\/775","targetHints":{"allow":["GET"]}}],"collection":[{"href":"https:\/\/silk-pajamas.com\/pt\/wp-json\/wp\/v2\/product"}],"about":[{"href":"https:\/\/silk-pajamas.com\/pt\/wp-json\/wp\/v2\/types\/product"}],"wp:featuredmedia":[{"embeddable":true,"href":"https:\/\/silk-pajamas.com\/pt\/wp-json\/wp\/v2\/media\/1915"}],"wp:attachment":[{"href":"https:\/\/silk-pajamas.com\/pt\/wp-json\/wp\/v2\/media?parent=775"}],"wp:term":[{"taxonomy":"product_brand","embeddable":true,"href":"https:\/\/silk-pajamas.com\/pt\/wp-json\/wp\/v2\/product_brand?post=775"},{"taxonomy":"product_cat","embeddable":true,"href":"https:\/\/silk-pajamas.com\/pt\/wp-json\/wp\/v2\/product_cat?post=775"},{"taxonomy":"product_tag","embeddable":true,"href":"https:\/\/silk-pajamas.com\/pt\/wp-json\/wp\/v2\/product_tag?post=775"}],"curies":[{"name":"wp","href":"https:\/\/api.w.org\/{rel}","templated":true}]}}