{"id":777,"date":"2026-04-12T15:43:27","date_gmt":"2026-04-12T15:43:27","guid":{"rendered":"https:\/\/silk-pajamas.com\/22-momme-soft-shine-silk-scrunchie-gift-box-floral\/"},"modified":"2026-05-06T09:12:21","modified_gmt":"2026-05-06T09:12:21","slug":"22-momme-soft-shine-silk-scrunchie-gift-box-floral","status":"publish","type":"product","link":"https:\/\/silk-pajamas.com\/pt\/22-momme-soft-shine-silk-scrunchie-gift-box-floral\/","title":{"rendered":"22 Momme Soft Shine Silk Scrunchie Gift Box Floral"},"content":{"rendered":"<p>Fabricado com seda de brilho suave 22 momme, este el\u00e1stico para o cabelo oferece um toque leve e suave na pele e um movimento elegante. A constru\u00e7\u00e3o em caixa de oferta e a cor floral mant\u00eam o look polido para o cuidado do cabelo comprido. Dispon\u00edvel em 5 cm. Lavar \u00e0 m\u00e3o com \u00e1gua fria e deixar na horizontal.<\/p>","protected":false},"excerpt":{"rendered":"<p>22 el\u00e1stico de cabelo em seda Momme Soft Shine em Floral. Acabamento em caixa de oferta, toque leve e tamanho de 5 cm. Concebido para o cuidado dos cabelos compridos.<\/p>","protected":false},"featured_media":1923,"template":"","meta":{"_gspb_post_css":""},"product_brand":[],"product_cat":[36],"product_tag":[568,537,569],"class_list":{"0":"post-777","1":"product","2":"type-product","3":"status-publish","4":"has-post-thumbnail","6":"product_cat-silk-scrunchies","7":"product_tag-22-momme-silk-scrunchie-floral","8":"product_tag-soft-shine-silk-scrunchie-gift-box","9":"product_tag-supplier-silk-scrunchie-for-long-hair-care","11":"first","12":"instock","13":"shipping-taxable","14":"purchasable","15":"product-type-simple"},"_links":{"self":[{"href":"https:\/\/silk-pajamas.com\/pt\/wp-json\/wp\/v2\/product\/777","targetHints":{"allow":["GET"]}}],"collection":[{"href":"https:\/\/silk-pajamas.com\/pt\/wp-json\/wp\/v2\/product"}],"about":[{"href":"https:\/\/silk-pajamas.com\/pt\/wp-json\/wp\/v2\/types\/product"}],"wp:featuredmedia":[{"embeddable":true,"href":"https:\/\/silk-pajamas.com\/pt\/wp-json\/wp\/v2\/media\/1923"}],"wp:attachment":[{"href":"https:\/\/silk-pajamas.com\/pt\/wp-json\/wp\/v2\/media?parent=777"}],"wp:term":[{"taxonomy":"product_brand","embeddable":true,"href":"https:\/\/silk-pajamas.com\/pt\/wp-json\/wp\/v2\/product_brand?post=777"},{"taxonomy":"product_cat","embeddable":true,"href":"https:\/\/silk-pajamas.com\/pt\/wp-json\/wp\/v2\/product_cat?post=777"},{"taxonomy":"product_tag","embeddable":true,"href":"https:\/\/silk-pajamas.com\/pt\/wp-json\/wp\/v2\/product_tag?post=777"}],"curies":[{"name":"wp","href":"https:\/\/api.w.org\/{rel}","templated":true}]}}