{"id":779,"date":"2026-04-12T15:43:27","date_gmt":"2026-04-12T15:43:27","guid":{"rendered":"https:\/\/silk-pajamas.com\/19-momme-mulberry-silk-scrunchie-seamless-sky-blue\/"},"modified":"2026-05-06T09:16:35","modified_gmt":"2026-05-06T09:16:35","slug":"19-momme-mulberry-silk-scrunchie-seamless-sky-blue","status":"publish","type":"product","link":"https:\/\/silk-pajamas.com\/pt\/19-momme-mulberry-silk-scrunchie-seamless-sky-blue\/","title":{"rendered":"19 Momme Mulberry Silk Scrunchie Seamless Sky Blue"},"content":{"rendered":"<p>Fabricado com seda de amora de 19 momme, este el\u00e1stico para o cabelo oferece um drapeado suave, um toque suave na pele e um movimento elegante. A constru\u00e7\u00e3o sem costuras e a cor azul-celeste mant\u00eam o look polido para o cuidado do cabelo comprido. Dispon\u00edvel em 3,5 cm. Lavar \u00e0 m\u00e3o a frio e deixar na horizontal.<\/p>","protected":false},"excerpt":{"rendered":"<p>19 el\u00e1stico de cabelo em seda Momme Mulberry em azul celeste. Acabamento sem costuras, toque suave e tamanho de 3,5 cm. Concebido para o cuidado dos cabelos compridos.<\/p>","protected":false},"featured_media":1925,"template":"","meta":{"_gspb_post_css":""},"product_brand":[],"product_cat":[36],"product_tag":[550,565,572],"class_list":{"0":"post-779","1":"product","2":"type-product","3":"status-publish","4":"has-post-thumbnail","6":"product_cat-silk-scrunchies","7":"product_tag-19-momme-silk-scrunchie-sky-blue","8":"product_tag-mulberry-silk-scrunchie-seamless","9":"product_tag-vendor-silk-scrunchie-for-long-hair-care","11":"first","12":"instock","13":"featured","14":"shipping-taxable","15":"purchasable","16":"product-type-simple"},"_links":{"self":[{"href":"https:\/\/silk-pajamas.com\/pt\/wp-json\/wp\/v2\/product\/779","targetHints":{"allow":["GET"]}}],"collection":[{"href":"https:\/\/silk-pajamas.com\/pt\/wp-json\/wp\/v2\/product"}],"about":[{"href":"https:\/\/silk-pajamas.com\/pt\/wp-json\/wp\/v2\/types\/product"}],"wp:featuredmedia":[{"embeddable":true,"href":"https:\/\/silk-pajamas.com\/pt\/wp-json\/wp\/v2\/media\/1925"}],"wp:attachment":[{"href":"https:\/\/silk-pajamas.com\/pt\/wp-json\/wp\/v2\/media?parent=779"}],"wp:term":[{"taxonomy":"product_brand","embeddable":true,"href":"https:\/\/silk-pajamas.com\/pt\/wp-json\/wp\/v2\/product_brand?post=779"},{"taxonomy":"product_cat","embeddable":true,"href":"https:\/\/silk-pajamas.com\/pt\/wp-json\/wp\/v2\/product_cat?post=779"},{"taxonomy":"product_tag","embeddable":true,"href":"https:\/\/silk-pajamas.com\/pt\/wp-json\/wp\/v2\/product_tag?post=779"}],"curies":[{"name":"wp","href":"https:\/\/api.w.org\/{rel}","templated":true}]}}