{"id":780,"date":"2026-04-12T15:43:27","date_gmt":"2026-04-12T15:43:27","guid":{"rendered":"https:\/\/silk-pajamas.com\/25-momme-mulberry-silk-scrunchie-seamless-lilac-wholesale\/"},"modified":"2026-05-06T09:24:43","modified_gmt":"2026-05-06T09:24:43","slug":"25-momme-mulberry-silk-scrunchie-seamless-lilac-wholesale","status":"publish","type":"product","link":"https:\/\/silk-pajamas.com\/pt\/25-momme-mulberry-silk-scrunchie-seamless-lilac-wholesale\/","title":{"rendered":"25 Momme Mulberry Silk Scrunchie Seamless Lilac Wholesale"},"content":{"rendered":"<p>Fabricado com seda de amoreira de 25 momme, este el\u00e1stico para o cabelo oferece um toque leve e suave na pele e um movimento elegante. A constru\u00e7\u00e3o sem costuras e a cor lil\u00e1s mant\u00eam o look polido para o cuidado do cabelo comprido. Dispon\u00edvel em 3,5 cm. Lavar \u00e0 m\u00e3o com \u00e1gua fria e deixar na horizontal.<\/p>","protected":false},"excerpt":{"rendered":"<p>25 El\u00e1stico de cabelo em seda Momme Mulberry em lil\u00e1s. Acabamento sem costuras, toque leve e tamanho de 3,5 cm. Concebido para o cuidado dos cabelos compridos.<\/p>","protected":false},"featured_media":1935,"template":"","meta":{"_gspb_post_css":""},"product_brand":[],"product_cat":[36],"product_tag":[573,565,569],"class_list":{"0":"post-780","1":"product","2":"type-product","3":"status-publish","4":"has-post-thumbnail","6":"product_cat-silk-scrunchies","7":"product_tag-25-momme-silk-scrunchie-lilac","8":"product_tag-mulberry-silk-scrunchie-seamless","9":"product_tag-supplier-silk-scrunchie-for-long-hair-care","11":"first","12":"instock","13":"shipping-taxable","14":"purchasable","15":"product-type-simple"},"_links":{"self":[{"href":"https:\/\/silk-pajamas.com\/pt\/wp-json\/wp\/v2\/product\/780","targetHints":{"allow":["GET"]}}],"collection":[{"href":"https:\/\/silk-pajamas.com\/pt\/wp-json\/wp\/v2\/product"}],"about":[{"href":"https:\/\/silk-pajamas.com\/pt\/wp-json\/wp\/v2\/types\/product"}],"wp:featuredmedia":[{"embeddable":true,"href":"https:\/\/silk-pajamas.com\/pt\/wp-json\/wp\/v2\/media\/1935"}],"wp:attachment":[{"href":"https:\/\/silk-pajamas.com\/pt\/wp-json\/wp\/v2\/media?parent=780"}],"wp:term":[{"taxonomy":"product_brand","embeddable":true,"href":"https:\/\/silk-pajamas.com\/pt\/wp-json\/wp\/v2\/product_brand?post=780"},{"taxonomy":"product_cat","embeddable":true,"href":"https:\/\/silk-pajamas.com\/pt\/wp-json\/wp\/v2\/product_cat?post=780"},{"taxonomy":"product_tag","embeddable":true,"href":"https:\/\/silk-pajamas.com\/pt\/wp-json\/wp\/v2\/product_tag?post=780"}],"curies":[{"name":"wp","href":"https:\/\/api.w.org\/{rel}","templated":true}]}}