{"id":781,"date":"2026-04-12T15:43:28","date_gmt":"2026-04-12T15:43:28","guid":{"rendered":"https:\/\/silk-pajamas.com\/22-momme-mulberry-silk-scrunchie-skinny-black-manufacturer\/"},"modified":"2026-05-06T07:39:39","modified_gmt":"2026-05-06T07:39:39","slug":"22-momme-mulberry-silk-scrunchie-skinny-black-manufacturer","status":"publish","type":"product","link":"https:\/\/silk-pajamas.com\/pt\/22-momme-mulberry-silk-scrunchie-skinny-black-manufacturer\/","title":{"rendered":"22 Momme Mulberry Silk Scrunchie Skinny Black Fabricante"},"content":{"rendered":"<p>Este el\u00e1stico para o cabelo \u00e9 fabricado em seda de amora 22 momme num tom preto. \u00c9 fino, tem um toque suave e um drapeado confort\u00e1vel para os adolescentes. O estilo suporta tamanhos de 5 cm e funciona bem para usar na primavera, oferecer presentes e conforto di\u00e1rio. Lavar \u00e0 m\u00e3o a frio e deixar na horizontal.<\/p>","protected":false},"excerpt":{"rendered":"<p>22 el\u00e1stico de cabelo em seda Momme Mulberry em preto. Acabamento skinny, toque suave e tamanho de 5 cm. Concebido para as adolescentes.<\/p>","protected":false},"featured_media":1847,"template":"","meta":{"_gspb_post_css":""},"product_brand":[],"product_cat":[36],"product_tag":[574,576,575],"class_list":{"0":"post-781","1":"product","2":"type-product","3":"status-publish","4":"has-post-thumbnail","6":"product_cat-silk-scrunchies","7":"product_tag-22-momme-silk-scrunchie-black","8":"product_tag-factory-silk-scrunchie-for-teens","9":"product_tag-mulberry-silk-scrunchie-skinny","11":"first","12":"instock","13":"shipping-taxable","14":"purchasable","15":"product-type-simple"},"_links":{"self":[{"href":"https:\/\/silk-pajamas.com\/pt\/wp-json\/wp\/v2\/product\/781","targetHints":{"allow":["GET"]}}],"collection":[{"href":"https:\/\/silk-pajamas.com\/pt\/wp-json\/wp\/v2\/product"}],"about":[{"href":"https:\/\/silk-pajamas.com\/pt\/wp-json\/wp\/v2\/types\/product"}],"wp:featuredmedia":[{"embeddable":true,"href":"https:\/\/silk-pajamas.com\/pt\/wp-json\/wp\/v2\/media\/1847"}],"wp:attachment":[{"href":"https:\/\/silk-pajamas.com\/pt\/wp-json\/wp\/v2\/media?parent=781"}],"wp:term":[{"taxonomy":"product_brand","embeddable":true,"href":"https:\/\/silk-pajamas.com\/pt\/wp-json\/wp\/v2\/product_brand?post=781"},{"taxonomy":"product_cat","embeddable":true,"href":"https:\/\/silk-pajamas.com\/pt\/wp-json\/wp\/v2\/product_cat?post=781"},{"taxonomy":"product_tag","embeddable":true,"href":"https:\/\/silk-pajamas.com\/pt\/wp-json\/wp\/v2\/product_tag?post=781"}],"curies":[{"name":"wp","href":"https:\/\/api.w.org\/{rel}","templated":true}]}}