{"id":782,"date":"2026-04-12T15:43:28","date_gmt":"2026-04-12T15:43:28","guid":{"rendered":"https:\/\/silk-pajamas.com\/25-momme-double-layer-mulberry-silk-scrunchie-oversized-sage\/"},"modified":"2026-05-06T07:41:49","modified_gmt":"2026-05-06T07:41:49","slug":"25-momme-double-layer-mulberry-silk-scrunchie-oversized-sage","status":"publish","type":"product","link":"https:\/\/silk-pajamas.com\/pt\/25-momme-double-layer-mulberry-silk-scrunchie-oversized-sage\/","title":{"rendered":"25 Momme Fita de seda de amora de dupla camada Oversized Sage"},"content":{"rendered":"<p>Feita com seda de camada dupla de 25 mm, esta el\u00e1stica para o cabelo oferece regula\u00e7\u00e3o t\u00e9rmica, toque suave na pele e movimento elegante. A constru\u00e7\u00e3o sobredimensionada e a cor s\u00e1lvia mant\u00eam o visual polido para as mulheres. Dispon\u00edvel em 7 cm. Lavar \u00e0 m\u00e3o com \u00e1gua fria e deixar na horizontal.<\/p>","protected":false},"excerpt":{"rendered":"<p>25 Matraquilhos de seda Momme Double Layer em Sage. Acabamento oversized, toque termo-regulador e tamanho de 7 cm. Concebido para as mulheres.<\/p>","protected":false},"featured_media":1849,"template":"","meta":{"_gspb_post_css":""},"product_brand":[],"product_cat":[36],"product_tag":[577,554,563],"class_list":{"0":"post-782","1":"product","2":"type-product","3":"status-publish","4":"has-post-thumbnail","6":"product_cat-silk-scrunchies","7":"product_tag-25-momme-silk-scrunchie-sage","8":"product_tag-double-layer-silk-scrunchie-oversized","9":"product_tag-wholesale-silk-scrunchie-for-women","11":"first","12":"instock","13":"shipping-taxable","14":"purchasable","15":"product-type-simple"},"_links":{"self":[{"href":"https:\/\/silk-pajamas.com\/pt\/wp-json\/wp\/v2\/product\/782","targetHints":{"allow":["GET"]}}],"collection":[{"href":"https:\/\/silk-pajamas.com\/pt\/wp-json\/wp\/v2\/product"}],"about":[{"href":"https:\/\/silk-pajamas.com\/pt\/wp-json\/wp\/v2\/types\/product"}],"wp:featuredmedia":[{"embeddable":true,"href":"https:\/\/silk-pajamas.com\/pt\/wp-json\/wp\/v2\/media\/1849"}],"wp:attachment":[{"href":"https:\/\/silk-pajamas.com\/pt\/wp-json\/wp\/v2\/media?parent=782"}],"wp:term":[{"taxonomy":"product_brand","embeddable":true,"href":"https:\/\/silk-pajamas.com\/pt\/wp-json\/wp\/v2\/product_brand?post=782"},{"taxonomy":"product_cat","embeddable":true,"href":"https:\/\/silk-pajamas.com\/pt\/wp-json\/wp\/v2\/product_cat?post=782"},{"taxonomy":"product_tag","embeddable":true,"href":"https:\/\/silk-pajamas.com\/pt\/wp-json\/wp\/v2\/product_tag?post=782"}],"curies":[{"name":"wp","href":"https:\/\/api.w.org\/{rel}","templated":true}]}}