{"id":797,"date":"2026-04-12T15:43:29","date_gmt":"2026-04-12T15:43:29","guid":{"rendered":"https:\/\/silk-pajamas.com\/16-momme-crepe-silk-tank-top-lace-trim-lilac-supplier\/"},"modified":"2026-05-06T07:19:51","modified_gmt":"2026-05-06T07:19:51","slug":"16-momme-crepe-silk-tank-top-lace-trim-lilac-supplier","status":"publish","type":"product","link":"https:\/\/silk-pajamas.com\/pt\/16-momme-crepe-silk-tank-top-lace-trim-lilac-supplier\/","title":{"rendered":"16 Momme Crepe Silk Tank Top Lace Trim Lil\u00e1s Fornecedor"},"content":{"rendered":"<p>Fabricado em crepe de seda 16 momme, este top cami oferece uma sensa\u00e7\u00e3o de pele suave e respir\u00e1vel e um movimento elegante. A constru\u00e7\u00e3o com acabamento em renda e a cor lil\u00e1s mant\u00eam o look polido para vestir em resort. Dispon\u00edvel em XS, S, M, L, XL. Lavar \u00e0 m\u00e3o a frio ou utilizar um ciclo suave.<\/p>","protected":false},"excerpt":{"rendered":"<p>16 Cami top Momme Crepe de seda em lil\u00e1s. Acabamento com renda, toque respir\u00e1vel e gama de tamanhos XS, S, M, L, XL. Concebido para a pr\u00e1tica de actividades de lazer.<\/p>","protected":false},"featured_media":1838,"template":"","meta":{"_gspb_post_css":""},"product_brand":[],"product_cat":[30],"product_tag":[610,611,604],"class_list":{"0":"post-797","1":"product","2":"type-product","3":"status-publish","4":"has-post-thumbnail","6":"product_cat-silk-cami-tank-top","7":"product_tag-16-momme-silk-cami-top-lilac","8":"product_tag-crepe-silk-cami-top-lace-trim","9":"product_tag-supplier-silk-cami-top-for-resort-dressing","11":"first","12":"instock","13":"shipping-taxable","14":"purchasable","15":"product-type-simple"},"_links":{"self":[{"href":"https:\/\/silk-pajamas.com\/pt\/wp-json\/wp\/v2\/product\/797","targetHints":{"allow":["GET"]}}],"collection":[{"href":"https:\/\/silk-pajamas.com\/pt\/wp-json\/wp\/v2\/product"}],"about":[{"href":"https:\/\/silk-pajamas.com\/pt\/wp-json\/wp\/v2\/types\/product"}],"wp:featuredmedia":[{"embeddable":true,"href":"https:\/\/silk-pajamas.com\/pt\/wp-json\/wp\/v2\/media\/1838"}],"wp:attachment":[{"href":"https:\/\/silk-pajamas.com\/pt\/wp-json\/wp\/v2\/media?parent=797"}],"wp:term":[{"taxonomy":"product_brand","embeddable":true,"href":"https:\/\/silk-pajamas.com\/pt\/wp-json\/wp\/v2\/product_brand?post=797"},{"taxonomy":"product_cat","embeddable":true,"href":"https:\/\/silk-pajamas.com\/pt\/wp-json\/wp\/v2\/product_cat?post=797"},{"taxonomy":"product_tag","embeddable":true,"href":"https:\/\/silk-pajamas.com\/pt\/wp-json\/wp\/v2\/product_tag?post=797"}],"curies":[{"name":"wp","href":"https:\/\/api.w.org\/{rel}","templated":true}]}}