{"id":799,"date":"2026-04-12T15:43:29","date_gmt":"2026-04-12T15:43:29","guid":{"rendered":"https:\/\/silk-pajamas.com\/25-momme-mulberry-silk-cami-top-v-neck-emerald\/"},"modified":"2026-05-06T07:23:49","modified_gmt":"2026-05-06T07:23:49","slug":"25-momme-mulberry-silk-cami-top-v-neck-emerald","status":"publish","type":"product","link":"https:\/\/silk-pajamas.com\/pt\/25-momme-mulberry-silk-cami-top-v-neck-emerald\/","title":{"rendered":"25 Momme Mulberry Silk Cami Top V Neck Emerald"},"content":{"rendered":"<p>Este top cami \u00e9 feito de seda de amora de 25 momme num tom esmeralda. Apresenta um decote em V, um toque suave e um drapeado confort\u00e1vel para roupa de escrit\u00f3rio. O estilo \u00e9 compat\u00edvel com os tamanhos Custom e funciona bem para usar no outono, oferecer presentes e conforto di\u00e1rio. Lavar \u00e0 m\u00e3o a frio ou utilizar um ciclo suave.<\/p>","protected":false},"excerpt":{"rendered":"<p>25 Cami top em seda Momme Mulberry em esmeralda. Acabamento com decote em V, toque leve e gama de tamanhos Custom. Concebido para o vestu\u00e1rio de escrit\u00f3rio.<\/p>","protected":false},"featured_media":1846,"template":"","meta":{"_gspb_post_css":""},"product_brand":[],"product_cat":[30],"product_tag":[614,616,615],"class_list":{"0":"post-799","1":"product","2":"type-product","3":"status-publish","4":"has-post-thumbnail","6":"product_cat-silk-cami-tank-top","7":"product_tag-25-momme-silk-cami-top-emerald","8":"product_tag-factory-silk-cami-top-for-office-outfits","9":"product_tag-mulberry-silk-cami-top-v-neck","11":"first","12":"instock","13":"featured","14":"shipping-taxable","15":"purchasable","16":"product-type-simple"},"_links":{"self":[{"href":"https:\/\/silk-pajamas.com\/pt\/wp-json\/wp\/v2\/product\/799","targetHints":{"allow":["GET"]}}],"collection":[{"href":"https:\/\/silk-pajamas.com\/pt\/wp-json\/wp\/v2\/product"}],"about":[{"href":"https:\/\/silk-pajamas.com\/pt\/wp-json\/wp\/v2\/types\/product"}],"wp:featuredmedia":[{"embeddable":true,"href":"https:\/\/silk-pajamas.com\/pt\/wp-json\/wp\/v2\/media\/1846"}],"wp:attachment":[{"href":"https:\/\/silk-pajamas.com\/pt\/wp-json\/wp\/v2\/media?parent=799"}],"wp:term":[{"taxonomy":"product_brand","embeddable":true,"href":"https:\/\/silk-pajamas.com\/pt\/wp-json\/wp\/v2\/product_brand?post=799"},{"taxonomy":"product_cat","embeddable":true,"href":"https:\/\/silk-pajamas.com\/pt\/wp-json\/wp\/v2\/product_cat?post=799"},{"taxonomy":"product_tag","embeddable":true,"href":"https:\/\/silk-pajamas.com\/pt\/wp-json\/wp\/v2\/product_tag?post=799"}],"curies":[{"name":"wp","href":"https:\/\/api.w.org\/{rel}","templated":true}]}}